{"id":541,"date":"2016-09-16T07:25:07","date_gmt":"2016-09-16T07:25:07","guid":{"rendered":"http:\/\/demo.uix.store\/sober\/?page_id=541"},"modified":"2025-08-17T22:23:17","modified_gmt":"2025-08-17T22:23:17","slug":"accordion","status":"publish","type":"page","link":"https:\/\/positivoaccesorios.com.uy\/pb\/elements\/accordion\/","title":{"rendered":"Accordion"},"content":{"rendered":"\t\t<div data-elementor-type=\"wp-page\" data-elementor-id=\"541\" class=\"elementor elementor-541\" data-elementor-post-type=\"page\">\n\t\t\t\t\t\t<section class=\"elementor-section elementor-top-section elementor-element elementor-element-c20ab27 elementor-section-boxed elementor-section-height-default elementor-section-height-default\" data-id=\"c20ab27\" data-element_type=\"section\" data-e-type=\"section\">\n\t\t\t\t\t\t<div class=\"elementor-container elementor-column-gap-default\">\n\t\t\t\t\t<div class=\"elementor-column elementor-col-100 elementor-top-column elementor-element elementor-element-3862243\" data-id=\"3862243\" data-element_type=\"column\" data-e-type=\"column\">\n\t\t\t<div class=\"elementor-widget-wrap elementor-element-populated\">\n\t\t\t\t\t\t<div class=\"elementor-element elementor-element-21a4bb0 elementor-widget elementor-widget-sober-section-heading\" data-id=\"21a4bb0\" data-element_type=\"widget\" data-e-type=\"widget\" data-widget_type=\"sober-section-heading.default\">\n\t\t\t\t<div class=\"elementor-widget-container\">\n\t\t\t\t\t<h2 class=\"sober-section-heading sober-section-heading--medium sober-section-header--align-left\"><span class=\"sober-section-heading__title\">Accordion<\/span><\/h2>\t\t\t\t<\/div>\n\t\t\t\t<\/div>\n\t\t\t\t<div class=\"elementor-element elementor-element-66ef647 elementor-widget elementor-widget-sober-accordion\" data-id=\"66ef647\" data-element_type=\"widget\" data-e-type=\"widget\" data-widget_type=\"sober-accordion.default\">\n\t\t\t\t<div class=\"elementor-widget-container\">\n\t\t\t\t\t\t\t<div class=\"sober-accordion\" role=\"tablist\">\n\t\t\t\t\t\t\t<div class=\"sober-accordion__item\">\n\t\t\t\t\t<div id=\"sober-tab-title-1071\" class=\"sober-accordion__title\" data-tab=\"1\" role=\"tab\" aria-controls=\"sober-tab-content-1071\">\n\t\t\t\t\t\t<span class=\"sober-accordion__icon\" aria-hidden=\"true\">\n\t\t\t\t\t\t\t<span class=\"sober-accordion__icon-closed\"><\/span>\n\t\t\t\t\t\t\t<span class=\"sober-accordion__icon-opened\"><\/span>\n\t\t\t\t\t\t<\/span>\n\n\t\t\t\t\t\t<a class=\"sober-accordion__title-text\" href=\"#sober-tab-content-1071\">Sed ut perspiciatis unde omnis iste natus error sit voluptatem accusantium doloremque laudantium<\/a>\n\t\t\t\t\t<\/div>\n\t\t\t\t\t<div id=\"sober-tab-content-1071\" class=\"sober-accordion__content clearfix\" data-tab=\"1\" role=\"tabpanel\" aria-labelledby=\"sober-tab-title-1071\"><p>Sed ut perspiciatis unde omnis iste natus error sit voluptatem accusantium doloremque laudantium, totam rem aperiam, eaque ipsa quae ab illo inventore veritatis et quasi architecto beatae vitae dicta sunt explicabo. Nemo enim ipsam voluptatem quia voluptas sit aspernatur aut odit aut fugit<\/p><\/div>\n\t\t\t\t<\/div>\n\t\t\t\t\t\t\t<div class=\"sober-accordion__item\">\n\t\t\t\t\t<div id=\"sober-tab-title-1072\" class=\"sober-accordion__title\" data-tab=\"2\" role=\"tab\" aria-controls=\"sober-tab-content-1072\">\n\t\t\t\t\t\t<span class=\"sober-accordion__icon\" aria-hidden=\"true\">\n\t\t\t\t\t\t\t<span class=\"sober-accordion__icon-closed\"><\/span>\n\t\t\t\t\t\t\t<span class=\"sober-accordion__icon-opened\"><\/span>\n\t\t\t\t\t\t<\/span>\n\n\t\t\t\t\t\t<a class=\"sober-accordion__title-text\" href=\"#sober-tab-content-1072\">Ut perspiciatis unde omnis iste natus error sit voluptatem accusan tium doloremque laudantium<\/a>\n\t\t\t\t\t<\/div>\n\t\t\t\t\t<div id=\"sober-tab-content-1072\" class=\"sober-accordion__content clearfix\" data-tab=\"2\" role=\"tabpanel\" aria-labelledby=\"sober-tab-title-1072\"><p>Sed ut perspiciatis unde omnis iste natus error sit voluptatem accusantium doloremque laudantium, totam rem aperiam, eaque ipsa quae ab illo inventore veritatis et quasi architecto beatae vitae dicta sunt explicabo. Nemo enim ipsam voluptatem quia voluptas sit aspernatur aut odit aut fugit<\/p><\/div>\n\t\t\t\t<\/div>\n\t\t\t\t\t\t\t<div class=\"sober-accordion__item\">\n\t\t\t\t\t<div id=\"sober-tab-title-1073\" class=\"sober-accordion__title\" data-tab=\"3\" role=\"tab\" aria-controls=\"sober-tab-content-1073\">\n\t\t\t\t\t\t<span class=\"sober-accordion__icon\" aria-hidden=\"true\">\n\t\t\t\t\t\t\t<span class=\"sober-accordion__icon-closed\"><\/span>\n\t\t\t\t\t\t\t<span class=\"sober-accordion__icon-opened\"><\/span>\n\t\t\t\t\t\t<\/span>\n\n\t\t\t\t\t\t<a class=\"sober-accordion__title-text\" href=\"#sober-tab-content-1073\">Neque porro quisquam est, qui dolorem ipsum quia dolor sit amet, consectetur, adipisci velit, sed quia non numquam eius<\/a>\n\t\t\t\t\t<\/div>\n\t\t\t\t\t<div id=\"sober-tab-content-1073\" class=\"sober-accordion__content clearfix\" data-tab=\"3\" role=\"tabpanel\" aria-labelledby=\"sober-tab-title-1073\"><p>Sed ut perspiciatis unde omnis iste natus error sit voluptatem accusantium doloremque laudantium, totam rem aperiam, eaque ipsa quae ab illo inventore veritatis et quasi architecto beatae vitae dicta sunt explicabo. Nemo enim ipsam voluptatem quia voluptas sit aspernatur aut odit aut fugit<\/p><\/div>\n\t\t\t\t<\/div>\n\t\t\t\t\t\t\t<div class=\"sober-accordion__item\">\n\t\t\t\t\t<div id=\"sober-tab-title-1074\" class=\"sober-accordion__title\" data-tab=\"4\" role=\"tab\" aria-controls=\"sober-tab-content-1074\">\n\t\t\t\t\t\t<span class=\"sober-accordion__icon\" aria-hidden=\"true\">\n\t\t\t\t\t\t\t<span class=\"sober-accordion__icon-closed\"><\/span>\n\t\t\t\t\t\t\t<span class=\"sober-accordion__icon-opened\"><\/span>\n\t\t\t\t\t\t<\/span>\n\n\t\t\t\t\t\t<a class=\"sober-accordion__title-text\" href=\"#sober-tab-content-1074\">Sed ut perspiciatis unde omnis iste natus error sit voluptatem accusantium doloremque laudantium<\/a>\n\t\t\t\t\t<\/div>\n\t\t\t\t\t<div id=\"sober-tab-content-1074\" class=\"sober-accordion__content clearfix\" data-tab=\"4\" role=\"tabpanel\" aria-labelledby=\"sober-tab-title-1074\"><p>Sed ut perspiciatis unde omnis iste natus error sit voluptatem accusantium doloremque laudantium, totam rem aperiam, eaque ipsa quae ab illo inventore veritatis et quasi architecto beatae vitae dicta sunt explicabo. Nemo enim ipsam voluptatem quia voluptas sit aspernatur aut odit aut fugit<\/p><\/div>\n\t\t\t\t<\/div>\n\t\t\t\t\t\t\t<div class=\"sober-accordion__item\">\n\t\t\t\t\t<div id=\"sober-tab-title-1075\" class=\"sober-accordion__title\" data-tab=\"5\" role=\"tab\" aria-controls=\"sober-tab-content-1075\">\n\t\t\t\t\t\t<span class=\"sober-accordion__icon\" aria-hidden=\"true\">\n\t\t\t\t\t\t\t<span class=\"sober-accordion__icon-closed\"><\/span>\n\t\t\t\t\t\t\t<span class=\"sober-accordion__icon-opened\"><\/span>\n\t\t\t\t\t\t<\/span>\n\n\t\t\t\t\t\t<a class=\"sober-accordion__title-text\" href=\"#sober-tab-content-1075\">Ut perspiciatis unde omnis iste natus error sit voluptatem accusan tium doloremque laudantium<\/a>\n\t\t\t\t\t<\/div>\n\t\t\t\t\t<div id=\"sober-tab-content-1075\" class=\"sober-accordion__content clearfix\" data-tab=\"5\" role=\"tabpanel\" aria-labelledby=\"sober-tab-title-1075\"><p>Sed ut perspiciatis unde omnis iste natus error sit voluptatem accusantium doloremque laudantium, totam rem aperiam, eaque ipsa quae ab illo inventore veritatis et quasi architecto beatae vitae dicta sunt explicabo. Nemo enim ipsam voluptatem quia voluptas sit aspernatur aut odit aut fugit<\/p><\/div>\n\t\t\t\t<\/div>\n\t\t\t\t\t<\/div>\n\t\t\t\t\t\t<\/div>\n\t\t\t\t<\/div>\n\t\t\t\t\t<\/div>\n\t\t<\/div>\n\t\t\t\t\t<\/div>\n\t\t<\/section>\n\t\t\t\t<\/div>\n\t\t","protected":false},"excerpt":{"rendered":"<p>Accordion Sed ut perspiciatis unde omnis iste natus error sit voluptatem accusantium doloremque laudantium Sed&hellip;<\/p>\n","protected":false},"author":1,"featured_media":0,"parent":554,"menu_order":0,"comment_status":"closed","ping_status":"closed","template":"","meta":{"footnotes":""},"class_list":["post-541","page","type-page","status-publish","hentry"],"yoast_head":"<!-- This site is optimized with the Yoast SEO Premium plugin v27.4 (Yoast SEO v27.5) - https:\/\/yoast.com\/product\/yoast-seo-premium-wordpress\/ -->\n<title>Accordion - Positivo Accesorios de Moda<\/title>\n<meta name=\"robots\" content=\"index, follow, max-snippet:-1, max-image-preview:large, max-video-preview:-1\" \/>\n<link rel=\"canonical\" href=\"https:\/\/positivoaccesorios.com.uy\/pb\/elements\/accordion\/\" \/>\n<meta property=\"og:locale\" content=\"es_ES\" \/>\n<meta property=\"og:type\" content=\"article\" \/>\n<meta property=\"og:title\" content=\"Accordion\" \/>\n<meta property=\"og:description\" content=\"Accordion Sed ut perspiciatis unde omnis iste natus error sit voluptatem accusantium doloremque laudantium Sed&hellip;\" \/>\n<meta property=\"og:url\" content=\"https:\/\/positivoaccesorios.com.uy\/pb\/elements\/accordion\/\" \/>\n<meta property=\"og:site_name\" content=\"Positivo Accesorios de Moda\" \/>\n<meta property=\"article:publisher\" content=\"https:\/\/web.facebook.com\/people\/Positivo-Accesorios\/61576469422995\/?_rdc=1&amp;_rdr#\" \/>\n<meta property=\"article:modified_time\" content=\"2025-08-17T22:23:17+00:00\" \/>\n<meta property=\"og:image\" content=\"https:\/\/positivoaccesorios.com.uy\/pb\/wp-content\/uploads\/2026\/04\/Positivo-Yoast.jpg\" \/>\n\t<meta property=\"og:image:width\" content=\"1200\" \/>\n\t<meta property=\"og:image:height\" content=\"800\" \/>\n\t<meta property=\"og:image:type\" content=\"image\/jpeg\" \/>\n<meta name=\"twitter:card\" content=\"summary_large_image\" \/>\n<meta name=\"twitter:label1\" content=\"Tiempo de lectura\" \/>\n\t<meta name=\"twitter:data1\" content=\"1 minuto\" \/>\n<script type=\"application\/ld+json\" class=\"yoast-schema-graph\">{\"@context\":\"https:\\\/\\\/schema.org\",\"@graph\":[{\"@type\":\"WebPage\",\"@id\":\"https:\\\/\\\/positivoaccesorios.com.uy\\\/pb\\\/elements\\\/accordion\\\/\",\"url\":\"https:\\\/\\\/positivoaccesorios.com.uy\\\/pb\\\/elements\\\/accordion\\\/\",\"name\":\"Accordion - Positivo Accesorios de Moda\",\"isPartOf\":{\"@id\":\"https:\\\/\\\/positivoaccesorios.com.uy\\\/pb\\\/#website\"},\"datePublished\":\"2016-09-16T07:25:07+00:00\",\"dateModified\":\"2025-08-17T22:23:17+00:00\",\"breadcrumb\":{\"@id\":\"https:\\\/\\\/positivoaccesorios.com.uy\\\/pb\\\/elements\\\/accordion\\\/#breadcrumb\"},\"inLanguage\":\"es\",\"potentialAction\":[{\"@type\":\"ReadAction\",\"target\":[\"https:\\\/\\\/positivoaccesorios.com.uy\\\/pb\\\/elements\\\/accordion\\\/\"]}]},{\"@type\":\"BreadcrumbList\",\"@id\":\"https:\\\/\\\/positivoaccesorios.com.uy\\\/pb\\\/elements\\\/accordion\\\/#breadcrumb\",\"itemListElement\":[{\"@type\":\"ListItem\",\"position\":1,\"name\":\"Portada\",\"item\":\"https:\\\/\\\/positivoaccesorios.com.uy\\\/pb\\\/\"},{\"@type\":\"ListItem\",\"position\":2,\"name\":\"Elements\",\"item\":\"https:\\\/\\\/positivoaccesorios.com.uy\\\/pb\\\/elements\\\/\"},{\"@type\":\"ListItem\",\"position\":3,\"name\":\"Accordion\"}]},{\"@type\":\"WebSite\",\"@id\":\"https:\\\/\\\/positivoaccesorios.com.uy\\\/pb\\\/#website\",\"url\":\"https:\\\/\\\/positivoaccesorios.com.uy\\\/pb\\\/\",\"name\":\"Positivo Accesorios de Moda\",\"description\":\"Tienda de accesorios de moda\",\"publisher\":{\"@id\":\"https:\\\/\\\/positivoaccesorios.com.uy\\\/pb\\\/#organization\"},\"alternateName\":\"Positivo Accesorios\",\"potentialAction\":[{\"@type\":\"SearchAction\",\"target\":{\"@type\":\"EntryPoint\",\"urlTemplate\":\"https:\\\/\\\/positivoaccesorios.com.uy\\\/pb\\\/?s={search_term_string}\"},\"query-input\":{\"@type\":\"PropertyValueSpecification\",\"valueRequired\":true,\"valueName\":\"search_term_string\"}}],\"inLanguage\":\"es\"},{\"@type\":\"Organization\",\"@id\":\"https:\\\/\\\/positivoaccesorios.com.uy\\\/pb\\\/#organization\",\"name\":\"Positivo Accesorios de Moda\",\"alternateName\":\"Positivo Bijou\",\"url\":\"https:\\\/\\\/positivoaccesorios.com.uy\\\/pb\\\/\",\"logo\":{\"@type\":\"ImageObject\",\"inLanguage\":\"es\",\"@id\":\"https:\\\/\\\/positivoaccesorios.com.uy\\\/pb\\\/#\\\/schema\\\/logo\\\/image\\\/\",\"url\":\"https:\\\/\\\/positivoaccesorios.com.uy\\\/pb\\\/wp-content\\\/uploads\\\/2025\\\/08\\\/Logo-Positivo-175x200-1.webp\",\"contentUrl\":\"https:\\\/\\\/positivoaccesorios.com.uy\\\/pb\\\/wp-content\\\/uploads\\\/2025\\\/08\\\/Logo-Positivo-175x200-1.webp\",\"width\":175,\"height\":85,\"caption\":\"Positivo Accesorios de Moda\"},\"image\":{\"@id\":\"https:\\\/\\\/positivoaccesorios.com.uy\\\/pb\\\/#\\\/schema\\\/logo\\\/image\\\/\"},\"sameAs\":[\"https:\\\/\\\/web.facebook.com\\\/people\\\/Positivo-Accesorios\\\/61576469422995\\\/?_rdc=1&_rdr#\",\"https:\\\/\\\/www.instagram.com\\\/positivobijou\"],\"description\":\"Somos una tienda especializada en accesorios de moda importados. Ofrecemos productos exclusivos con ventas por mayor y por menor, pensados para realzar tu estilo y acompa\u00f1ar cada ocasi\u00f3n. Descubr\u00ed nuestra amplia variedad de accesorios de calidad, dise\u00f1ados para quienes buscan tendencia, elegancia y precios competitivos.\",\"email\":\"positivobijou@gmail.com\",\"telephone\":\"2200 7696\",\"legalName\":\"Cerro del Potro S.A.\"}]}<\/script>\n<!-- \/ Yoast SEO Premium plugin. -->","yoast_head_json":{"title":"Accordion - Positivo Accesorios de Moda","robots":{"index":"index","follow":"follow","max-snippet":"max-snippet:-1","max-image-preview":"max-image-preview:large","max-video-preview":"max-video-preview:-1"},"canonical":"https:\/\/positivoaccesorios.com.uy\/pb\/elements\/accordion\/","og_locale":"es_ES","og_type":"article","og_title":"Accordion","og_description":"Accordion Sed ut perspiciatis unde omnis iste natus error sit voluptatem accusantium doloremque laudantium Sed&hellip;","og_url":"https:\/\/positivoaccesorios.com.uy\/pb\/elements\/accordion\/","og_site_name":"Positivo Accesorios de Moda","article_publisher":"https:\/\/web.facebook.com\/people\/Positivo-Accesorios\/61576469422995\/?_rdc=1&_rdr#","article_modified_time":"2025-08-17T22:23:17+00:00","og_image":[{"width":1200,"height":800,"url":"https:\/\/positivoaccesorios.com.uy\/pb\/wp-content\/uploads\/2026\/04\/Positivo-Yoast.jpg","type":"image\/jpeg"}],"twitter_card":"summary_large_image","twitter_misc":{"Tiempo de lectura":"1 minuto"},"schema":{"@context":"https:\/\/schema.org","@graph":[{"@type":"WebPage","@id":"https:\/\/positivoaccesorios.com.uy\/pb\/elements\/accordion\/","url":"https:\/\/positivoaccesorios.com.uy\/pb\/elements\/accordion\/","name":"Accordion - Positivo Accesorios de Moda","isPartOf":{"@id":"https:\/\/positivoaccesorios.com.uy\/pb\/#website"},"datePublished":"2016-09-16T07:25:07+00:00","dateModified":"2025-08-17T22:23:17+00:00","breadcrumb":{"@id":"https:\/\/positivoaccesorios.com.uy\/pb\/elements\/accordion\/#breadcrumb"},"inLanguage":"es","potentialAction":[{"@type":"ReadAction","target":["https:\/\/positivoaccesorios.com.uy\/pb\/elements\/accordion\/"]}]},{"@type":"BreadcrumbList","@id":"https:\/\/positivoaccesorios.com.uy\/pb\/elements\/accordion\/#breadcrumb","itemListElement":[{"@type":"ListItem","position":1,"name":"Portada","item":"https:\/\/positivoaccesorios.com.uy\/pb\/"},{"@type":"ListItem","position":2,"name":"Elements","item":"https:\/\/positivoaccesorios.com.uy\/pb\/elements\/"},{"@type":"ListItem","position":3,"name":"Accordion"}]},{"@type":"WebSite","@id":"https:\/\/positivoaccesorios.com.uy\/pb\/#website","url":"https:\/\/positivoaccesorios.com.uy\/pb\/","name":"Positivo Accesorios de Moda","description":"Tienda de accesorios de moda","publisher":{"@id":"https:\/\/positivoaccesorios.com.uy\/pb\/#organization"},"alternateName":"Positivo Accesorios","potentialAction":[{"@type":"SearchAction","target":{"@type":"EntryPoint","urlTemplate":"https:\/\/positivoaccesorios.com.uy\/pb\/?s={search_term_string}"},"query-input":{"@type":"PropertyValueSpecification","valueRequired":true,"valueName":"search_term_string"}}],"inLanguage":"es"},{"@type":"Organization","@id":"https:\/\/positivoaccesorios.com.uy\/pb\/#organization","name":"Positivo Accesorios de Moda","alternateName":"Positivo Bijou","url":"https:\/\/positivoaccesorios.com.uy\/pb\/","logo":{"@type":"ImageObject","inLanguage":"es","@id":"https:\/\/positivoaccesorios.com.uy\/pb\/#\/schema\/logo\/image\/","url":"https:\/\/positivoaccesorios.com.uy\/pb\/wp-content\/uploads\/2025\/08\/Logo-Positivo-175x200-1.webp","contentUrl":"https:\/\/positivoaccesorios.com.uy\/pb\/wp-content\/uploads\/2025\/08\/Logo-Positivo-175x200-1.webp","width":175,"height":85,"caption":"Positivo Accesorios de Moda"},"image":{"@id":"https:\/\/positivoaccesorios.com.uy\/pb\/#\/schema\/logo\/image\/"},"sameAs":["https:\/\/web.facebook.com\/people\/Positivo-Accesorios\/61576469422995\/?_rdc=1&_rdr#","https:\/\/www.instagram.com\/positivobijou"],"description":"Somos una tienda especializada en accesorios de moda importados. Ofrecemos productos exclusivos con ventas por mayor y por menor, pensados para realzar tu estilo y acompa\u00f1ar cada ocasi\u00f3n. Descubr\u00ed nuestra amplia variedad de accesorios de calidad, dise\u00f1ados para quienes buscan tendencia, elegancia y precios competitivos.","email":"positivobijou@gmail.com","telephone":"2200 7696","legalName":"Cerro del Potro S.A."}]}},"_links":{"self":[{"href":"https:\/\/positivoaccesorios.com.uy\/pb\/wp-json\/wp\/v2\/pages\/541","targetHints":{"allow":["GET"]}}],"collection":[{"href":"https:\/\/positivoaccesorios.com.uy\/pb\/wp-json\/wp\/v2\/pages"}],"about":[{"href":"https:\/\/positivoaccesorios.com.uy\/pb\/wp-json\/wp\/v2\/types\/page"}],"author":[{"embeddable":true,"href":"https:\/\/positivoaccesorios.com.uy\/pb\/wp-json\/wp\/v2\/users\/1"}],"replies":[{"embeddable":true,"href":"https:\/\/positivoaccesorios.com.uy\/pb\/wp-json\/wp\/v2\/comments?post=541"}],"version-history":[{"count":0,"href":"https:\/\/positivoaccesorios.com.uy\/pb\/wp-json\/wp\/v2\/pages\/541\/revisions"}],"up":[{"embeddable":true,"href":"https:\/\/positivoaccesorios.com.uy\/pb\/wp-json\/wp\/v2\/pages\/554"}],"wp:attachment":[{"href":"https:\/\/positivoaccesorios.com.uy\/pb\/wp-json\/wp\/v2\/media?parent=541"}],"curies":[{"name":"wp","href":"https:\/\/api.w.org\/{rel}","templated":true}]}}