{"id":539,"date":"2016-09-16T07:23:55","date_gmt":"2016-09-16T07:23:55","guid":{"rendered":"http:\/\/demo.uix.store\/sober\/?page_id=539"},"modified":"2025-08-17T22:23:17","modified_gmt":"2025-08-17T22:23:17","slug":"buttons","status":"publish","type":"page","link":"https:\/\/positivoaccesorios.com.uy\/pb\/elements\/buttons\/","title":{"rendered":"Buttons"},"content":{"rendered":"\t\t<div data-elementor-type=\"wp-page\" data-elementor-id=\"539\" class=\"elementor elementor-539\" data-elementor-post-type=\"page\">\n\t\t\t\t\t\t<section class=\"elementor-section elementor-top-section elementor-element elementor-element-b27685f elementor-section-boxed elementor-section-height-default elementor-section-height-default\" data-id=\"b27685f\" data-element_type=\"section\" data-e-type=\"section\">\n\t\t\t\t\t\t<div class=\"elementor-container elementor-column-gap-default\">\n\t\t\t\t\t<div class=\"elementor-column elementor-col-100 elementor-top-column elementor-element elementor-element-56644d7\" data-id=\"56644d7\" data-element_type=\"column\" data-e-type=\"column\">\n\t\t\t<div class=\"elementor-widget-wrap elementor-element-populated\">\n\t\t\t\t\t\t<div class=\"elementor-element elementor-element-2c54f79 elementor-widget elementor-widget-sober-section-heading\" data-id=\"2c54f79\" data-element_type=\"widget\" data-e-type=\"widget\" data-widget_type=\"sober-section-heading.default\">\n\t\t\t\t<div class=\"elementor-widget-container\">\n\t\t\t\t\t<h2 class=\"sober-section-heading sober-section-heading--medium sober-section-header--align-left\"><span class=\"sober-section-heading__title\">Buttons<\/span><\/h2>\t\t\t\t<\/div>\n\t\t\t\t<\/div>\n\t\t\t\t\t<\/div>\n\t\t<\/div>\n\t\t\t\t\t<\/div>\n\t\t<\/section>\n\t\t\t\t<section class=\"elementor-section elementor-top-section elementor-element elementor-element-2c433d4 elementor-section-boxed elementor-section-height-default elementor-section-height-default\" data-id=\"2c433d4\" data-element_type=\"section\" data-e-type=\"section\">\n\t\t\t\t\t\t<div class=\"elementor-container elementor-column-gap-default\">\n\t\t\t\t\t<div class=\"elementor-column elementor-col-100 elementor-top-column elementor-element elementor-element-2757152\" data-id=\"2757152\" data-element_type=\"column\" data-e-type=\"column\">\n\t\t\t<div class=\"elementor-widget-wrap elementor-element-populated\">\n\t\t\t\t\t\t<div class=\"elementor-element elementor-element-9906ef4 elementor-widget elementor-widget-sober-section-heading\" data-id=\"9906ef4\" data-element_type=\"widget\" data-e-type=\"widget\" data-widget_type=\"sober-section-heading.default\">\n\t\t\t\t<div class=\"elementor-widget-container\">\n\t\t\t\t\t<h3 class=\"sober-section-heading sober-section-heading--medium sober-section-header--align-center\"><span class=\"sober-section-heading__title\">Big Button<\/span><\/h3>\t\t\t\t<\/div>\n\t\t\t\t<\/div>\n\t\t\t\t<div class=\"elementor-element elementor-element-010a8b8 elementor-widget elementor-widget-text-editor\" data-id=\"010a8b8\" data-element_type=\"widget\" data-e-type=\"widget\" data-widget_type=\"text-editor.default\">\n\t\t\t\t\t\t\t\t\t<p>Sed ut perspiciatis unde omnis iste natus error sit voluptatem accusantium doloremque laudantium, totam rem aperiam, eaque ipsa quae ab illo inventore<br><\/p>\t\t\t\t\t\t\t\t<\/div>\n\t\t\t\t<section class=\"elementor-section elementor-inner-section elementor-element elementor-element-9f2af70 elementor-section-boxed elementor-section-height-default elementor-section-height-default\" data-id=\"9f2af70\" data-element_type=\"section\" data-e-type=\"section\">\n\t\t\t\t\t\t<div class=\"elementor-container elementor-column-gap-default\">\n\t\t\t\t\t<div class=\"elementor-column elementor-col-50 elementor-inner-column elementor-element elementor-element-5f0fca4\" data-id=\"5f0fca4\" data-element_type=\"column\" data-e-type=\"column\">\n\t\t\t<div class=\"elementor-widget-wrap elementor-element-populated\">\n\t\t\t\t\t\t<div class=\"elementor-element elementor-element-c0f9fb8 sober-button-wrapper--align-center elementor-widget elementor-widget-sober-button\" data-id=\"c0f9fb8\" data-element_type=\"widget\" data-e-type=\"widget\" data-widget_type=\"sober-button.default\">\n\t\t\t\t<div class=\"elementor-widget-container\">\n\t\t\t\t\t\t\t<a class=\"sober-button sober-button--elementor sober-button--type-normal button-type-normal sober-button--link button sober-button--size-large button-large large\" role=\"button\" href=\"#\">\n\t\t\t<span class=\"sober-button__text\">BUTTON<\/span>\n\t\t<\/a>\n\t\t\t\t\t\t<\/div>\n\t\t\t\t<\/div>\n\t\t\t\t\t<\/div>\n\t\t<\/div>\n\t\t\t\t<div class=\"elementor-column elementor-col-50 elementor-inner-column elementor-element elementor-element-e6f10c4\" data-id=\"e6f10c4\" data-element_type=\"column\" data-e-type=\"column\">\n\t\t\t<div class=\"elementor-widget-wrap elementor-element-populated\">\n\t\t\t\t\t\t<div class=\"elementor-element elementor-element-7d2c743 sober-button-wrapper--align-center elementor-widget elementor-widget-sober-button\" data-id=\"7d2c743\" data-element_type=\"widget\" data-e-type=\"widget\" data-widget_type=\"sober-button.default\">\n\t\t\t\t<div class=\"elementor-widget-container\">\n\t\t\t\t\t\t\t<a class=\"sober-button sober-button--elementor sober-button--type-outline button-type-outline sober-button--link button sober-button--size-large button-large large\" role=\"button\" href=\"#\">\n\t\t\t<span class=\"sober-button__text\">BUTTON<\/span>\n\t\t<\/a>\n\t\t\t\t\t\t<\/div>\n\t\t\t\t<\/div>\n\t\t\t\t\t<\/div>\n\t\t<\/div>\n\t\t\t\t\t<\/div>\n\t\t<\/section>\n\t\t\t\t<div class=\"elementor-element elementor-element-479808d elementor-widget-divider--view-line elementor-widget elementor-widget-divider\" data-id=\"479808d\" data-element_type=\"widget\" data-e-type=\"widget\" data-widget_type=\"divider.default\">\n\t\t\t\t\t\t\t<div class=\"elementor-divider\">\n\t\t\t<span class=\"elementor-divider-separator\">\n\t\t\t\t\t\t<\/span>\n\t\t<\/div>\n\t\t\t\t\t\t<\/div>\n\t\t\t\t\t<\/div>\n\t\t<\/div>\n\t\t\t\t\t<\/div>\n\t\t<\/section>\n\t\t\t\t<section class=\"elementor-section elementor-top-section elementor-element elementor-element-ea91526 elementor-section-boxed elementor-section-height-default elementor-section-height-default\" data-id=\"ea91526\" data-element_type=\"section\" data-e-type=\"section\">\n\t\t\t\t\t\t<div class=\"elementor-container elementor-column-gap-default\">\n\t\t\t\t\t<div class=\"elementor-column elementor-col-100 elementor-top-column elementor-element elementor-element-402f426\" data-id=\"402f426\" data-element_type=\"column\" data-e-type=\"column\">\n\t\t\t<div class=\"elementor-widget-wrap elementor-element-populated\">\n\t\t\t\t\t\t<div class=\"elementor-element elementor-element-37e0613 elementor-widget elementor-widget-sober-section-heading\" data-id=\"37e0613\" data-element_type=\"widget\" data-e-type=\"widget\" data-widget_type=\"sober-section-heading.default\">\n\t\t\t\t<div class=\"elementor-widget-container\">\n\t\t\t\t\t<h3 class=\"sober-section-heading sober-section-heading--medium sober-section-header--align-center\"><span class=\"sober-section-heading__title\">Normal Button<\/span><\/h3>\t\t\t\t<\/div>\n\t\t\t\t<\/div>\n\t\t\t\t<div class=\"elementor-element elementor-element-dd8fd75 elementor-widget elementor-widget-text-editor\" data-id=\"dd8fd75\" data-element_type=\"widget\" data-e-type=\"widget\" data-widget_type=\"text-editor.default\">\n\t\t\t\t\t\t\t\t\t<p>Sed ut perspiciatis unde omnis iste natus error sit voluptatem accusantium doloremque laudantium, totam rem aperiam, eaque ipsa quae ab illo inventore<br><\/p>\t\t\t\t\t\t\t\t<\/div>\n\t\t\t\t<section class=\"elementor-section elementor-inner-section elementor-element elementor-element-cf025ae elementor-section-boxed elementor-section-height-default elementor-section-height-default\" data-id=\"cf025ae\" data-element_type=\"section\" data-e-type=\"section\">\n\t\t\t\t\t\t<div class=\"elementor-container elementor-column-gap-default\">\n\t\t\t\t\t<div class=\"elementor-column elementor-col-50 elementor-inner-column elementor-element elementor-element-2eb87a4\" data-id=\"2eb87a4\" data-element_type=\"column\" data-e-type=\"column\">\n\t\t\t<div class=\"elementor-widget-wrap elementor-element-populated\">\n\t\t\t\t\t\t<div class=\"elementor-element elementor-element-34f649b sober-button-wrapper--align-center elementor-widget elementor-widget-sober-button\" data-id=\"34f649b\" data-element_type=\"widget\" data-e-type=\"widget\" data-widget_type=\"sober-button.default\">\n\t\t\t\t<div class=\"elementor-widget-container\">\n\t\t\t\t\t\t\t<a class=\"sober-button sober-button--elementor sober-button--type-normal button-type-normal sober-button--link button sober-button--size-normal button-normal normal\" role=\"button\" href=\"#\">\n\t\t\t<span class=\"sober-button__text\">BUTTON<\/span>\n\t\t<\/a>\n\t\t\t\t\t\t<\/div>\n\t\t\t\t<\/div>\n\t\t\t\t\t<\/div>\n\t\t<\/div>\n\t\t\t\t<div class=\"elementor-column elementor-col-50 elementor-inner-column elementor-element elementor-element-fcbd143\" data-id=\"fcbd143\" data-element_type=\"column\" data-e-type=\"column\">\n\t\t\t<div class=\"elementor-widget-wrap elementor-element-populated\">\n\t\t\t\t\t\t<div class=\"elementor-element elementor-element-0d58ae2 sober-button-wrapper--align-center elementor-widget elementor-widget-sober-button\" data-id=\"0d58ae2\" data-element_type=\"widget\" data-e-type=\"widget\" data-widget_type=\"sober-button.default\">\n\t\t\t\t<div class=\"elementor-widget-container\">\n\t\t\t\t\t\t\t<a class=\"sober-button sober-button--elementor sober-button--type-outline button-type-outline sober-button--link button sober-button--size-normal button-normal normal\" role=\"button\" href=\"#\">\n\t\t\t<span class=\"sober-button__text\">BUTTON<\/span>\n\t\t<\/a>\n\t\t\t\t\t\t<\/div>\n\t\t\t\t<\/div>\n\t\t\t\t\t<\/div>\n\t\t<\/div>\n\t\t\t\t\t<\/div>\n\t\t<\/section>\n\t\t\t\t<div class=\"elementor-element elementor-element-ce16704 elementor-widget-divider--view-line elementor-widget elementor-widget-divider\" data-id=\"ce16704\" data-element_type=\"widget\" data-e-type=\"widget\" data-widget_type=\"divider.default\">\n\t\t\t\t\t\t\t<div class=\"elementor-divider\">\n\t\t\t<span class=\"elementor-divider-separator\">\n\t\t\t\t\t\t<\/span>\n\t\t<\/div>\n\t\t\t\t\t\t<\/div>\n\t\t\t\t\t<\/div>\n\t\t<\/div>\n\t\t\t\t\t<\/div>\n\t\t<\/section>\n\t\t\t\t<section class=\"elementor-section elementor-top-section elementor-element elementor-element-e48757c elementor-section-boxed elementor-section-height-default elementor-section-height-default\" data-id=\"e48757c\" data-element_type=\"section\" data-e-type=\"section\">\n\t\t\t\t\t\t<div class=\"elementor-container elementor-column-gap-default\">\n\t\t\t\t\t<div class=\"elementor-column elementor-col-100 elementor-top-column elementor-element elementor-element-f392b3b\" data-id=\"f392b3b\" data-element_type=\"column\" data-e-type=\"column\">\n\t\t\t<div class=\"elementor-widget-wrap elementor-element-populated\">\n\t\t\t\t\t\t<div class=\"elementor-element elementor-element-3540dc4 elementor-widget elementor-widget-sober-section-heading\" data-id=\"3540dc4\" data-element_type=\"widget\" data-e-type=\"widget\" data-widget_type=\"sober-section-heading.default\">\n\t\t\t\t<div class=\"elementor-widget-container\">\n\t\t\t\t\t<h3 class=\"sober-section-heading sober-section-heading--medium sober-section-header--align-center\"><span class=\"sober-section-heading__title\">Light Button<\/span><\/h3>\t\t\t\t<\/div>\n\t\t\t\t<\/div>\n\t\t\t\t<div class=\"elementor-element elementor-element-61f0c74 elementor-widget elementor-widget-text-editor\" data-id=\"61f0c74\" data-element_type=\"widget\" data-e-type=\"widget\" data-widget_type=\"text-editor.default\">\n\t\t\t\t\t\t\t\t\t<p>Sed ut perspiciatis unde omnis iste natus error sit voluptatem accusantium doloremque laudantium, totam rem aperiam, eaque ipsa quae ab illo inventore<br><\/p>\t\t\t\t\t\t\t\t<\/div>\n\t\t\t\t<div class=\"elementor-element elementor-element-fd2c035 sober-button-wrapper--align-center elementor-widget elementor-widget-sober-button\" data-id=\"fd2c035\" data-element_type=\"widget\" data-e-type=\"widget\" data-widget_type=\"sober-button.default\">\n\t\t\t\t<div class=\"elementor-widget-container\">\n\t\t\t\t\t\t\t<a class=\"sober-button sober-button--elementor sober-button--type-light button-type-light sober-button--link button-light line-hover\" role=\"button\" href=\"#\">\n\t\t\t<span class=\"sober-button__text\">Light Button<\/span>\n\t\t<\/a>\n\t\t\t\t\t\t<\/div>\n\t\t\t\t<\/div>\n\t\t\t\t<div class=\"elementor-element elementor-element-e0fce0f elementor-widget-divider--view-line elementor-widget elementor-widget-divider\" data-id=\"e0fce0f\" data-element_type=\"widget\" data-e-type=\"widget\" data-widget_type=\"divider.default\">\n\t\t\t\t\t\t\t<div class=\"elementor-divider\">\n\t\t\t<span class=\"elementor-divider-separator\">\n\t\t\t\t\t\t<\/span>\n\t\t<\/div>\n\t\t\t\t\t\t<\/div>\n\t\t\t\t\t<\/div>\n\t\t<\/div>\n\t\t\t\t\t<\/div>\n\t\t<\/section>\n\t\t\t\t<\/div>\n\t\t","protected":false},"excerpt":{"rendered":"<p>Buttons Big Button Sed ut perspiciatis unde omnis iste natus error sit voluptatem accusantium doloremque&hellip;<\/p>\n","protected":false},"author":1,"featured_media":0,"parent":554,"menu_order":0,"comment_status":"closed","ping_status":"closed","template":"","meta":{"footnotes":""},"class_list":["post-539","page","type-page","status-publish","hentry"],"yoast_head":"<!-- This site is optimized with the Yoast SEO Premium plugin v27.4 (Yoast SEO v27.5) - https:\/\/yoast.com\/product\/yoast-seo-premium-wordpress\/ -->\n<title>Buttons - Positivo Accesorios de Moda<\/title>\n<meta name=\"robots\" content=\"index, follow, max-snippet:-1, max-image-preview:large, max-video-preview:-1\" \/>\n<link rel=\"canonical\" href=\"https:\/\/positivoaccesorios.com.uy\/pb\/elements\/buttons\/\" \/>\n<meta property=\"og:locale\" content=\"es_ES\" \/>\n<meta property=\"og:type\" content=\"article\" \/>\n<meta property=\"og:title\" content=\"Buttons\" \/>\n<meta property=\"og:description\" content=\"Buttons Big Button Sed ut perspiciatis unde omnis iste natus error sit voluptatem accusantium doloremque&hellip;\" \/>\n<meta property=\"og:url\" content=\"https:\/\/positivoaccesorios.com.uy\/pb\/elements\/buttons\/\" \/>\n<meta property=\"og:site_name\" content=\"Positivo Accesorios de Moda\" \/>\n<meta property=\"article:publisher\" content=\"https:\/\/web.facebook.com\/people\/Positivo-Accesorios\/61576469422995\/?_rdc=1&amp;_rdr#\" \/>\n<meta property=\"article:modified_time\" content=\"2025-08-17T22:23:17+00:00\" \/>\n<meta property=\"og:image\" content=\"https:\/\/positivoaccesorios.com.uy\/pb\/wp-content\/uploads\/2026\/04\/Positivo-Yoast.jpg\" \/>\n\t<meta property=\"og:image:width\" content=\"1200\" \/>\n\t<meta property=\"og:image:height\" content=\"800\" \/>\n\t<meta property=\"og:image:type\" content=\"image\/jpeg\" \/>\n<meta name=\"twitter:card\" content=\"summary_large_image\" \/>\n<script type=\"application\/ld+json\" class=\"yoast-schema-graph\">{\"@context\":\"https:\\\/\\\/schema.org\",\"@graph\":[{\"@type\":\"WebPage\",\"@id\":\"https:\\\/\\\/positivoaccesorios.com.uy\\\/pb\\\/elements\\\/buttons\\\/\",\"url\":\"https:\\\/\\\/positivoaccesorios.com.uy\\\/pb\\\/elements\\\/buttons\\\/\",\"name\":\"Buttons - Positivo Accesorios de Moda\",\"isPartOf\":{\"@id\":\"https:\\\/\\\/positivoaccesorios.com.uy\\\/pb\\\/#website\"},\"datePublished\":\"2016-09-16T07:23:55+00:00\",\"dateModified\":\"2025-08-17T22:23:17+00:00\",\"breadcrumb\":{\"@id\":\"https:\\\/\\\/positivoaccesorios.com.uy\\\/pb\\\/elements\\\/buttons\\\/#breadcrumb\"},\"inLanguage\":\"es\",\"potentialAction\":[{\"@type\":\"ReadAction\",\"target\":[\"https:\\\/\\\/positivoaccesorios.com.uy\\\/pb\\\/elements\\\/buttons\\\/\"]}]},{\"@type\":\"BreadcrumbList\",\"@id\":\"https:\\\/\\\/positivoaccesorios.com.uy\\\/pb\\\/elements\\\/buttons\\\/#breadcrumb\",\"itemListElement\":[{\"@type\":\"ListItem\",\"position\":1,\"name\":\"Portada\",\"item\":\"https:\\\/\\\/positivoaccesorios.com.uy\\\/pb\\\/\"},{\"@type\":\"ListItem\",\"position\":2,\"name\":\"Elements\",\"item\":\"https:\\\/\\\/positivoaccesorios.com.uy\\\/pb\\\/elements\\\/\"},{\"@type\":\"ListItem\",\"position\":3,\"name\":\"Buttons\"}]},{\"@type\":\"WebSite\",\"@id\":\"https:\\\/\\\/positivoaccesorios.com.uy\\\/pb\\\/#website\",\"url\":\"https:\\\/\\\/positivoaccesorios.com.uy\\\/pb\\\/\",\"name\":\"Positivo Accesorios de Moda\",\"description\":\"Tienda de accesorios de moda\",\"publisher\":{\"@id\":\"https:\\\/\\\/positivoaccesorios.com.uy\\\/pb\\\/#organization\"},\"alternateName\":\"Positivo Accesorios\",\"potentialAction\":[{\"@type\":\"SearchAction\",\"target\":{\"@type\":\"EntryPoint\",\"urlTemplate\":\"https:\\\/\\\/positivoaccesorios.com.uy\\\/pb\\\/?s={search_term_string}\"},\"query-input\":{\"@type\":\"PropertyValueSpecification\",\"valueRequired\":true,\"valueName\":\"search_term_string\"}}],\"inLanguage\":\"es\"},{\"@type\":\"Organization\",\"@id\":\"https:\\\/\\\/positivoaccesorios.com.uy\\\/pb\\\/#organization\",\"name\":\"Positivo Accesorios de Moda\",\"alternateName\":\"Positivo Bijou\",\"url\":\"https:\\\/\\\/positivoaccesorios.com.uy\\\/pb\\\/\",\"logo\":{\"@type\":\"ImageObject\",\"inLanguage\":\"es\",\"@id\":\"https:\\\/\\\/positivoaccesorios.com.uy\\\/pb\\\/#\\\/schema\\\/logo\\\/image\\\/\",\"url\":\"https:\\\/\\\/positivoaccesorios.com.uy\\\/pb\\\/wp-content\\\/uploads\\\/2025\\\/08\\\/Logo-Positivo-175x200-1.webp\",\"contentUrl\":\"https:\\\/\\\/positivoaccesorios.com.uy\\\/pb\\\/wp-content\\\/uploads\\\/2025\\\/08\\\/Logo-Positivo-175x200-1.webp\",\"width\":175,\"height\":85,\"caption\":\"Positivo Accesorios de Moda\"},\"image\":{\"@id\":\"https:\\\/\\\/positivoaccesorios.com.uy\\\/pb\\\/#\\\/schema\\\/logo\\\/image\\\/\"},\"sameAs\":[\"https:\\\/\\\/web.facebook.com\\\/people\\\/Positivo-Accesorios\\\/61576469422995\\\/?_rdc=1&_rdr#\",\"https:\\\/\\\/www.instagram.com\\\/positivobijou\"],\"description\":\"Somos una tienda especializada en accesorios de moda importados. Ofrecemos productos exclusivos con ventas por mayor y por menor, pensados para realzar tu estilo y acompa\u00f1ar cada ocasi\u00f3n. Descubr\u00ed nuestra amplia variedad de accesorios de calidad, dise\u00f1ados para quienes buscan tendencia, elegancia y precios competitivos.\",\"email\":\"positivobijou@gmail.com\",\"telephone\":\"2200 7696\",\"legalName\":\"Cerro del Potro S.A.\"}]}<\/script>\n<!-- \/ Yoast SEO Premium plugin. -->","yoast_head_json":{"title":"Buttons - Positivo Accesorios de Moda","robots":{"index":"index","follow":"follow","max-snippet":"max-snippet:-1","max-image-preview":"max-image-preview:large","max-video-preview":"max-video-preview:-1"},"canonical":"https:\/\/positivoaccesorios.com.uy\/pb\/elements\/buttons\/","og_locale":"es_ES","og_type":"article","og_title":"Buttons","og_description":"Buttons Big Button Sed ut perspiciatis unde omnis iste natus error sit voluptatem accusantium doloremque&hellip;","og_url":"https:\/\/positivoaccesorios.com.uy\/pb\/elements\/buttons\/","og_site_name":"Positivo Accesorios de Moda","article_publisher":"https:\/\/web.facebook.com\/people\/Positivo-Accesorios\/61576469422995\/?_rdc=1&_rdr#","article_modified_time":"2025-08-17T22:23:17+00:00","og_image":[{"width":1200,"height":800,"url":"https:\/\/positivoaccesorios.com.uy\/pb\/wp-content\/uploads\/2026\/04\/Positivo-Yoast.jpg","type":"image\/jpeg"}],"twitter_card":"summary_large_image","schema":{"@context":"https:\/\/schema.org","@graph":[{"@type":"WebPage","@id":"https:\/\/positivoaccesorios.com.uy\/pb\/elements\/buttons\/","url":"https:\/\/positivoaccesorios.com.uy\/pb\/elements\/buttons\/","name":"Buttons - Positivo Accesorios de Moda","isPartOf":{"@id":"https:\/\/positivoaccesorios.com.uy\/pb\/#website"},"datePublished":"2016-09-16T07:23:55+00:00","dateModified":"2025-08-17T22:23:17+00:00","breadcrumb":{"@id":"https:\/\/positivoaccesorios.com.uy\/pb\/elements\/buttons\/#breadcrumb"},"inLanguage":"es","potentialAction":[{"@type":"ReadAction","target":["https:\/\/positivoaccesorios.com.uy\/pb\/elements\/buttons\/"]}]},{"@type":"BreadcrumbList","@id":"https:\/\/positivoaccesorios.com.uy\/pb\/elements\/buttons\/#breadcrumb","itemListElement":[{"@type":"ListItem","position":1,"name":"Portada","item":"https:\/\/positivoaccesorios.com.uy\/pb\/"},{"@type":"ListItem","position":2,"name":"Elements","item":"https:\/\/positivoaccesorios.com.uy\/pb\/elements\/"},{"@type":"ListItem","position":3,"name":"Buttons"}]},{"@type":"WebSite","@id":"https:\/\/positivoaccesorios.com.uy\/pb\/#website","url":"https:\/\/positivoaccesorios.com.uy\/pb\/","name":"Positivo Accesorios de Moda","description":"Tienda de accesorios de moda","publisher":{"@id":"https:\/\/positivoaccesorios.com.uy\/pb\/#organization"},"alternateName":"Positivo Accesorios","potentialAction":[{"@type":"SearchAction","target":{"@type":"EntryPoint","urlTemplate":"https:\/\/positivoaccesorios.com.uy\/pb\/?s={search_term_string}"},"query-input":{"@type":"PropertyValueSpecification","valueRequired":true,"valueName":"search_term_string"}}],"inLanguage":"es"},{"@type":"Organization","@id":"https:\/\/positivoaccesorios.com.uy\/pb\/#organization","name":"Positivo Accesorios de Moda","alternateName":"Positivo Bijou","url":"https:\/\/positivoaccesorios.com.uy\/pb\/","logo":{"@type":"ImageObject","inLanguage":"es","@id":"https:\/\/positivoaccesorios.com.uy\/pb\/#\/schema\/logo\/image\/","url":"https:\/\/positivoaccesorios.com.uy\/pb\/wp-content\/uploads\/2025\/08\/Logo-Positivo-175x200-1.webp","contentUrl":"https:\/\/positivoaccesorios.com.uy\/pb\/wp-content\/uploads\/2025\/08\/Logo-Positivo-175x200-1.webp","width":175,"height":85,"caption":"Positivo Accesorios de Moda"},"image":{"@id":"https:\/\/positivoaccesorios.com.uy\/pb\/#\/schema\/logo\/image\/"},"sameAs":["https:\/\/web.facebook.com\/people\/Positivo-Accesorios\/61576469422995\/?_rdc=1&_rdr#","https:\/\/www.instagram.com\/positivobijou"],"description":"Somos una tienda especializada en accesorios de moda importados. Ofrecemos productos exclusivos con ventas por mayor y por menor, pensados para realzar tu estilo y acompa\u00f1ar cada ocasi\u00f3n. Descubr\u00ed nuestra amplia variedad de accesorios de calidad, dise\u00f1ados para quienes buscan tendencia, elegancia y precios competitivos.","email":"positivobijou@gmail.com","telephone":"2200 7696","legalName":"Cerro del Potro S.A."}]}},"_links":{"self":[{"href":"https:\/\/positivoaccesorios.com.uy\/pb\/wp-json\/wp\/v2\/pages\/539","targetHints":{"allow":["GET"]}}],"collection":[{"href":"https:\/\/positivoaccesorios.com.uy\/pb\/wp-json\/wp\/v2\/pages"}],"about":[{"href":"https:\/\/positivoaccesorios.com.uy\/pb\/wp-json\/wp\/v2\/types\/page"}],"author":[{"embeddable":true,"href":"https:\/\/positivoaccesorios.com.uy\/pb\/wp-json\/wp\/v2\/users\/1"}],"replies":[{"embeddable":true,"href":"https:\/\/positivoaccesorios.com.uy\/pb\/wp-json\/wp\/v2\/comments?post=539"}],"version-history":[{"count":0,"href":"https:\/\/positivoaccesorios.com.uy\/pb\/wp-json\/wp\/v2\/pages\/539\/revisions"}],"up":[{"embeddable":true,"href":"https:\/\/positivoaccesorios.com.uy\/pb\/wp-json\/wp\/v2\/pages\/554"}],"wp:attachment":[{"href":"https:\/\/positivoaccesorios.com.uy\/pb\/wp-json\/wp\/v2\/media?parent=539"}],"curies":[{"name":"wp","href":"https:\/\/api.w.org\/{rel}","templated":true}]}}