{"id":406,"date":"2016-09-09T03:21:56","date_gmt":"2016-09-09T03:21:56","guid":{"rendered":"http:\/\/demo.uix.store\/sober\/?page_id=406"},"modified":"2016-09-09T03:21:56","modified_gmt":"2016-09-09T03:21:56","slug":"home-v5","status":"publish","type":"page","link":"https:\/\/positivoaccesorios.com.uy\/pb\/home-v5\/","title":{"rendered":"Home v5"},"content":{"rendered":"\t\t<section class=\"elementor-section elementor-top-section elementor-element elementor-element-8a47a7f elementor-section-full_width elementor-section-height-default elementor-section-height-default\" data-id=\"8a47a7f\" data-element_type=\"section\" data-e-type=\"section\">\n\t\t\t\t\t\t<div class=\"elementor-container elementor-column-gap-no\">\n\t\t\t\t\t<div class=\"elementor-column elementor-col-100 elementor-top-column elementor-element elementor-element-c54e6b6\" data-id=\"c54e6b6\" data-element_type=\"column\" data-e-type=\"column\">\n\t\t\t<div class=\"elementor-widget-wrap elementor-element-populated\">\n\t\t\t\t\t\t<div data-elementor-type=\"wp-page\" data-elementor-id=\"406\" class=\"elementor elementor-406\" data-elementor-post-type=\"page\">\n\t\t\t\t\t\t<div class=\"elementor-element elementor-element-3b384ee elementor-widget elementor-widget-slider_revolution\" data-id=\"3b384ee\" data-element_type=\"widget\" data-e-type=\"widget\" data-widget_type=\"slider_revolution.default\">\n\t\t\t\t\t\n\t\t<div class=\"wp-block-themepunch-revslider\"><script>console.log(\": Slider with alias categories not found.\")<\/script>\n<\/div>\n\n\t\t\t\t\t\t<\/div>\n\t\t\t\t\t<\/div>\n\t\t<\/div>\n\t\t\t\t\t<\/div>\n\t\t<\/section>\n\t\t\t\t<section class=\"elementor-section elementor-top-section elementor-element elementor-element-4a92e3b elementor-section-stretched elementor-section-full_width elementor-section-height-default elementor-section-height-default\" data-id=\"4a92e3b\" data-element_type=\"section\" data-e-type=\"section\" data-settings=\"{&quot;stretch_section&quot;:&quot;section-stretched&quot;}\">\n\t\t\t\t\t\t<div class=\"elementor-container elementor-column-gap-no\">\n\t\t\t\t\t<div class=\"elementor-column elementor-col-50 elementor-top-column elementor-element elementor-element-e5e7c3d\" data-id=\"e5e7c3d\" data-element_type=\"column\" data-e-type=\"column\">\n\t\t\t<div class=\"elementor-widget-wrap elementor-element-populated\">\n\t\t\t\t\t\t<div class=\"elementor-element elementor-element-af2813b elementor-widget elementor-widget-sober-category-banner\" data-id=\"af2813b\" data-element_type=\"widget\" data-e-type=\"widget\" data-widget_type=\"sober-category-banner.default\">\n\t\t\t\t<div class=\"elementor-widget-container\">\n\t\t\t\t\t\t\t<div class=\"sober-category-banner sober-category-banner--elementor sober-category-banner--content-top-left sober-category-banner--image-bottom-left text-position-top-left image-bottom-left\">\n\t\t\t<div class=\"sober-category-banner__inner banner-inner\">\n\t\t\t\t<a href=\"#\" target=\"_blank\" rel=\"nofollow\" class=\"sober-category-banner__image banner-image\" style=\"background-image: url(https:\/\/ik.imagekit.io\/vn49p9jmnnv7g\/sober\/home5-1_s6elAbzTJ.jpg)\">\n\t\t\t\t\t<img decoding=\"async\" src=\"https:\/\/ik.imagekit.io\/vn49p9jmnnv7g\/sober\/home5-1_s6elAbzTJ.jpg\" alt=\"\">\n\t\t\t\t<\/a>\n\t\t\t\t<div class=\"sober-category-banner__content banner-content\">\n\t\t\t\t\t<h2 class=\"sober-category-banner__title banner-title\">Dresses<\/h2>\n\t\t\t\t\t<div class=\"sober-category-banner__desc banner-text\">Vesquam ante aliquet <b>lacusemper<\/b> elit cras neque nulla convallis non commodo et.<\/div>\n\t\t\t\t\t\t\t\t\t\t\t<a href=\"#\" target=\"_blank\" rel=\"nofollow\" class=\"sober-category-banner__button sober-button button-light line-hover active\">\n\t\t\t\t\t\t\tShop Now\t\t\t\t\t\t<\/a>\n\t\t\t\t\t\t\t\t\t<\/div>\n\t\t\t<\/div>\n\t\t<\/div>\n\t\t\t\t\t\t<\/div>\n\t\t\t\t<\/div>\n\t\t\t\t<div class=\"elementor-element elementor-element-41bb530 elementor-widget elementor-widget-sober-category-banner\" data-id=\"41bb530\" data-element_type=\"widget\" data-e-type=\"widget\" data-widget_type=\"sober-category-banner.default\">\n\t\t\t\t<div class=\"elementor-widget-container\">\n\t\t\t\t\t\t\t<div class=\"sober-category-banner sober-category-banner--elementor sober-category-banner--content-middle-left sober-category-banner--image-right text-position-middle-left image-right\">\n\t\t\t<div class=\"sober-category-banner__inner banner-inner\">\n\t\t\t\t<a href=\"#\" target=\"_blank\" rel=\"nofollow\" class=\"sober-category-banner__image banner-image\" style=\"background-image: url(https:\/\/ik.imagekit.io\/vn49p9jmnnv7g\/sober\/home5-3_9RFLzvU2M.jpg)\">\n\t\t\t\t\t<img decoding=\"async\" src=\"https:\/\/ik.imagekit.io\/vn49p9jmnnv7g\/sober\/home5-3_9RFLzvU2M.jpg\" alt=\"\">\n\t\t\t\t<\/a>\n\t\t\t\t<div class=\"sober-category-banner__content banner-content\">\n\t\t\t\t\t<h2 class=\"sober-category-banner__title banner-title\">Pants<\/h2>\n\t\t\t\t\t<div class=\"sober-category-banner__desc banner-text\">Duis aute irure dolor in reprehenderit in voluptate velit esse cillum dolore<\/div>\n\t\t\t\t\t\t\t\t\t\t\t<a href=\"#\" target=\"_blank\" rel=\"nofollow\" class=\"sober-category-banner__button sober-button button-light line-hover active\">\n\t\t\t\t\t\t\tShop Now\t\t\t\t\t\t<\/a>\n\t\t\t\t\t\t\t\t\t<\/div>\n\t\t\t<\/div>\n\t\t<\/div>\n\t\t\t\t\t\t<\/div>\n\t\t\t\t<\/div>\n\t\t\t\t<div class=\"elementor-element elementor-element-abde7d5 elementor-widget elementor-widget-sober-category-banner\" data-id=\"abde7d5\" data-element_type=\"widget\" data-e-type=\"widget\" data-widget_type=\"sober-category-banner.default\">\n\t\t\t\t<div class=\"elementor-widget-container\">\n\t\t\t\t\t\t\t<div class=\"sober-category-banner sober-category-banner--elementor sober-category-banner--content-top-right sober-category-banner--image-bottom text-position-top-right image-bottom\">\n\t\t\t<div class=\"sober-category-banner__inner banner-inner\">\n\t\t\t\t<a href=\"#\" target=\"_blank\" rel=\"nofollow\" class=\"sober-category-banner__image banner-image\" style=\"background-image: url(https:\/\/ik.imagekit.io\/vn49p9jmnnv7g\/sober\/home5-5_hZ-vlM13H.jpg)\">\n\t\t\t\t\t<img decoding=\"async\" src=\"https:\/\/ik.imagekit.io\/vn49p9jmnnv7g\/sober\/home5-5_hZ-vlM13H.jpg\" alt=\"\">\n\t\t\t\t<\/a>\n\t\t\t\t<div class=\"sober-category-banner__content banner-content\">\n\t\t\t\t\t<h2 class=\"sober-category-banner__title banner-title\">Footwear<\/h2>\n\t\t\t\t\t<div class=\"sober-category-banner__desc banner-text\">Excepteur sint occaecat cupidatat non proident sunt in culpa qui officia deserunt mollit<\/div>\n\t\t\t\t\t\t\t\t\t\t\t<a href=\"#\" target=\"_blank\" rel=\"nofollow\" class=\"sober-category-banner__button sober-button button-light line-hover active\">\n\t\t\t\t\t\t\tShop Now\t\t\t\t\t\t<\/a>\n\t\t\t\t\t\t\t\t\t<\/div>\n\t\t\t<\/div>\n\t\t<\/div>\n\t\t\t\t\t\t<\/div>\n\t\t\t\t<\/div>\n\t\t\t\t\t<\/div>\n\t\t<\/div>\n\t\t\t\t<div class=\"elementor-column elementor-col-50 elementor-top-column elementor-element elementor-element-0a1e834\" data-id=\"0a1e834\" data-element_type=\"column\" data-e-type=\"column\">\n\t\t\t<div class=\"elementor-widget-wrap elementor-element-populated\">\n\t\t\t\t\t\t<div class=\"elementor-element elementor-element-90bfd9d elementor-widget elementor-widget-sober-category-banner\" data-id=\"90bfd9d\" data-element_type=\"widget\" data-e-type=\"widget\" data-widget_type=\"sober-category-banner.default\">\n\t\t\t\t<div class=\"elementor-widget-container\">\n\t\t\t\t\t\t\t<div class=\"sober-category-banner sober-category-banner--elementor sober-category-banner--content-bottom-left sober-category-banner--image-top text-position-bottom-left image-top\">\n\t\t\t<div class=\"sober-category-banner__inner banner-inner\">\n\t\t\t\t<a href=\"#\" target=\"_blank\" rel=\"nofollow\" class=\"sober-category-banner__image banner-image\" style=\"background-image: url(https:\/\/ik.imagekit.io\/vn49p9jmnnv7g\/sober\/home5-2_s1-OsOUbX.jpg)\">\n\t\t\t\t\t<img decoding=\"async\" src=\"https:\/\/ik.imagekit.io\/vn49p9jmnnv7g\/sober\/home5-2_s1-OsOUbX.jpg\" alt=\"\">\n\t\t\t\t<\/a>\n\t\t\t\t<div class=\"sober-category-banner__content banner-content\">\n\t\t\t\t\t<h2 class=\"sober-category-banner__title banner-title\">Shirts &amp; Top<\/h2>\n\t\t\t\t\t<div class=\"sober-category-banner__desc banner-text\">Sed do eiusmod tempor incididunt ut labore et dolore magna aliqua<\/div>\n\t\t\t\t\t\t\t\t\t\t\t<a href=\"#\" target=\"_blank\" rel=\"nofollow\" class=\"sober-category-banner__button sober-button button-light line-hover active\">\n\t\t\t\t\t\t\tShop Now\t\t\t\t\t\t<\/a>\n\t\t\t\t\t\t\t\t\t<\/div>\n\t\t\t<\/div>\n\t\t<\/div>\n\t\t\t\t\t\t<\/div>\n\t\t\t\t<\/div>\n\t\t\t\t<div class=\"elementor-element elementor-element-bea2a51 elementor-widget elementor-widget-sober-category-banner\" data-id=\"bea2a51\" data-element_type=\"widget\" data-e-type=\"widget\" data-widget_type=\"sober-category-banner.default\">\n\t\t\t\t<div class=\"elementor-widget-container\">\n\t\t\t\t\t\t\t<div class=\"sober-category-banner sober-category-banner--elementor sober-category-banner--content-bottom-right sober-category-banner--image-top-left text-position-bottom-right image-top-left\">\n\t\t\t<div class=\"sober-category-banner__inner banner-inner\">\n\t\t\t\t<a href=\"#\" target=\"_blank\" rel=\"nofollow\" class=\"sober-category-banner__image banner-image\" style=\"background-image: url(https:\/\/ik.imagekit.io\/vn49p9jmnnv7g\/sober\/home5-4_ptbgdsIjdW.jpg)\">\n\t\t\t\t\t<img decoding=\"async\" src=\"https:\/\/ik.imagekit.io\/vn49p9jmnnv7g\/sober\/home5-4_ptbgdsIjdW.jpg\" alt=\"\">\n\t\t\t\t<\/a>\n\t\t\t\t<div class=\"sober-category-banner__content banner-content\">\n\t\t\t\t\t<h2 class=\"sober-category-banner__title banner-title\">Outwear<\/h2>\n\t\t\t\t\t<div class=\"sober-category-banner__desc banner-text\">Vesquam ante aliquet lacusemper elit cras neque nulla, convallis non commodo et.<\/div>\n\t\t\t\t\t\t\t\t\t\t\t<a href=\"#\" target=\"_blank\" rel=\"nofollow\" class=\"sober-category-banner__button sober-button button-light line-hover active\">\n\t\t\t\t\t\t\tShop Now\t\t\t\t\t\t<\/a>\n\t\t\t\t\t\t\t\t\t<\/div>\n\t\t\t<\/div>\n\t\t<\/div>\n\t\t\t\t\t\t<\/div>\n\t\t\t\t<\/div>\n\t\t\t\t<div class=\"elementor-element elementor-element-793efda elementor-widget elementor-widget-sober-category-banner\" data-id=\"793efda\" data-element_type=\"widget\" data-e-type=\"widget\" data-widget_type=\"sober-category-banner.default\">\n\t\t\t\t<div class=\"elementor-widget-container\">\n\t\t\t\t\t\t\t<div class=\"sober-category-banner sober-category-banner--elementor sober-category-banner--content-bottom-left sober-category-banner--image-top-right text-position-bottom-left image-top-right\">\n\t\t\t<div class=\"sober-category-banner__inner banner-inner\">\n\t\t\t\t<a href=\"#\" target=\"_blank\" rel=\"nofollow\" class=\"sober-category-banner__image banner-image\" style=\"background-image: url(https:\/\/ik.imagekit.io\/vn49p9jmnnv7g\/sober\/home5-6_G0OqZIkV1-.jpg)\">\n\t\t\t\t\t<img decoding=\"async\" src=\"https:\/\/ik.imagekit.io\/vn49p9jmnnv7g\/sober\/home5-6_G0OqZIkV1-.jpg\" alt=\"\">\n\t\t\t\t<\/a>\n\t\t\t\t<div class=\"sober-category-banner__content banner-content\">\n\t\t\t\t\t<h2 class=\"sober-category-banner__title banner-title\">Accessories<\/h2>\n\t\t\t\t\t<div class=\"sober-category-banner__desc banner-text\">Nemo enim ipsam <b>voluptatem<\/b> quia voluptas sit aspernatur aut odit<\/div>\n\t\t\t\t\t\t\t\t\t\t\t<a href=\"#\" target=\"_blank\" rel=\"nofollow\" class=\"sober-category-banner__button sober-button button-light line-hover active\">\n\t\t\t\t\t\t\tShop Now\t\t\t\t\t\t<\/a>\n\t\t\t\t\t\t\t\t\t<\/div>\n\t\t\t<\/div>\n\t\t<\/div>\n\t\t\t\t\t\t<\/div>\n\t\t\t\t<\/div>\n\t\t\t\t\t<\/div>\n\t\t<\/div>\n\t\t\t\t\t<\/div>\n\t\t<\/section>\n\t\t\t\t<\/div>\n\t\t","protected":false},"excerpt":{"rendered":"<p>Dresses Vesquam ante aliquet lacusemper elit cras neque nulla convallis non commodo et. Shop Now&hellip;<\/p>\n","protected":false},"author":1,"featured_media":0,"parent":0,"menu_order":0,"comment_status":"closed","ping_status":"closed","template":"templates\/homepage.php","meta":{"footnotes":""},"class_list":["post-406","page","type-page","status-publish","hentry"],"yoast_head":"<!-- This site is optimized with the Yoast SEO Premium plugin v27.4 (Yoast SEO v27.5) - https:\/\/yoast.com\/product\/yoast-seo-premium-wordpress\/ -->\n<title>Home v5 - Positivo Accesorios de Moda<\/title>\n<meta name=\"robots\" content=\"index, follow, max-snippet:-1, max-image-preview:large, max-video-preview:-1\" \/>\n<link rel=\"canonical\" href=\"https:\/\/positivoaccesorios.com.uy\/pb\/home-v5\/\" \/>\n<meta property=\"og:locale\" content=\"es_ES\" \/>\n<meta property=\"og:type\" content=\"article\" \/>\n<meta property=\"og:title\" content=\"Home v5\" \/>\n<meta property=\"og:description\" content=\"Dresses Vesquam ante aliquet lacusemper elit cras neque nulla convallis non commodo et. Shop Now&hellip;\" \/>\n<meta property=\"og:url\" content=\"https:\/\/positivoaccesorios.com.uy\/pb\/home-v5\/\" \/>\n<meta property=\"og:site_name\" content=\"Positivo Accesorios de Moda\" \/>\n<meta property=\"article:publisher\" content=\"https:\/\/web.facebook.com\/people\/Positivo-Accesorios\/61576469422995\/?_rdc=1&amp;_rdr#\" \/>\n<meta property=\"og:image\" content=\"https:\/\/ik.imagekit.io\/vn49p9jmnnv7g\/sober\/home5-1_s6elAbzTJ.jpg\" \/>\n<meta name=\"twitter:card\" content=\"summary_large_image\" \/>\n<script type=\"application\/ld+json\" class=\"yoast-schema-graph\">{\"@context\":\"https:\\\/\\\/schema.org\",\"@graph\":[{\"@type\":\"WebPage\",\"@id\":\"https:\\\/\\\/positivoaccesorios.com.uy\\\/pb\\\/home-v5\\\/\",\"url\":\"https:\\\/\\\/positivoaccesorios.com.uy\\\/pb\\\/home-v5\\\/\",\"name\":\"Home v5 - Positivo Accesorios de Moda\",\"isPartOf\":{\"@id\":\"https:\\\/\\\/positivoaccesorios.com.uy\\\/pb\\\/#website\"},\"primaryImageOfPage\":{\"@id\":\"https:\\\/\\\/positivoaccesorios.com.uy\\\/pb\\\/home-v5\\\/#primaryimage\"},\"image\":{\"@id\":\"https:\\\/\\\/positivoaccesorios.com.uy\\\/pb\\\/home-v5\\\/#primaryimage\"},\"thumbnailUrl\":\"https:\\\/\\\/ik.imagekit.io\\\/vn49p9jmnnv7g\\\/sober\\\/home5-1_s6elAbzTJ.jpg\",\"datePublished\":\"2016-09-09T03:21:56+00:00\",\"breadcrumb\":{\"@id\":\"https:\\\/\\\/positivoaccesorios.com.uy\\\/pb\\\/home-v5\\\/#breadcrumb\"},\"inLanguage\":\"es\",\"potentialAction\":[{\"@type\":\"ReadAction\",\"target\":[\"https:\\\/\\\/positivoaccesorios.com.uy\\\/pb\\\/home-v5\\\/\"]}]},{\"@type\":\"ImageObject\",\"inLanguage\":\"es\",\"@id\":\"https:\\\/\\\/positivoaccesorios.com.uy\\\/pb\\\/home-v5\\\/#primaryimage\",\"url\":\"https:\\\/\\\/ik.imagekit.io\\\/vn49p9jmnnv7g\\\/sober\\\/home5-1_s6elAbzTJ.jpg\",\"contentUrl\":\"https:\\\/\\\/ik.imagekit.io\\\/vn49p9jmnnv7g\\\/sober\\\/home5-1_s6elAbzTJ.jpg\"},{\"@type\":\"BreadcrumbList\",\"@id\":\"https:\\\/\\\/positivoaccesorios.com.uy\\\/pb\\\/home-v5\\\/#breadcrumb\",\"itemListElement\":[{\"@type\":\"ListItem\",\"position\":1,\"name\":\"Portada\",\"item\":\"https:\\\/\\\/positivoaccesorios.com.uy\\\/pb\\\/\"},{\"@type\":\"ListItem\",\"position\":2,\"name\":\"Home v5\"}]},{\"@type\":\"WebSite\",\"@id\":\"https:\\\/\\\/positivoaccesorios.com.uy\\\/pb\\\/#website\",\"url\":\"https:\\\/\\\/positivoaccesorios.com.uy\\\/pb\\\/\",\"name\":\"Positivo Accesorios de Moda\",\"description\":\"Tienda de accesorios de moda\",\"publisher\":{\"@id\":\"https:\\\/\\\/positivoaccesorios.com.uy\\\/pb\\\/#organization\"},\"alternateName\":\"Positivo Accesorios\",\"potentialAction\":[{\"@type\":\"SearchAction\",\"target\":{\"@type\":\"EntryPoint\",\"urlTemplate\":\"https:\\\/\\\/positivoaccesorios.com.uy\\\/pb\\\/?s={search_term_string}\"},\"query-input\":{\"@type\":\"PropertyValueSpecification\",\"valueRequired\":true,\"valueName\":\"search_term_string\"}}],\"inLanguage\":\"es\"},{\"@type\":\"Organization\",\"@id\":\"https:\\\/\\\/positivoaccesorios.com.uy\\\/pb\\\/#organization\",\"name\":\"Positivo Accesorios de Moda\",\"alternateName\":\"Positivo Bijou\",\"url\":\"https:\\\/\\\/positivoaccesorios.com.uy\\\/pb\\\/\",\"logo\":{\"@type\":\"ImageObject\",\"inLanguage\":\"es\",\"@id\":\"https:\\\/\\\/positivoaccesorios.com.uy\\\/pb\\\/#\\\/schema\\\/logo\\\/image\\\/\",\"url\":\"https:\\\/\\\/positivoaccesorios.com.uy\\\/pb\\\/wp-content\\\/uploads\\\/2025\\\/08\\\/Logo-Positivo-175x200-1.webp\",\"contentUrl\":\"https:\\\/\\\/positivoaccesorios.com.uy\\\/pb\\\/wp-content\\\/uploads\\\/2025\\\/08\\\/Logo-Positivo-175x200-1.webp\",\"width\":175,\"height\":85,\"caption\":\"Positivo Accesorios de Moda\"},\"image\":{\"@id\":\"https:\\\/\\\/positivoaccesorios.com.uy\\\/pb\\\/#\\\/schema\\\/logo\\\/image\\\/\"},\"sameAs\":[\"https:\\\/\\\/web.facebook.com\\\/people\\\/Positivo-Accesorios\\\/61576469422995\\\/?_rdc=1&_rdr#\",\"https:\\\/\\\/www.instagram.com\\\/positivobijou\"],\"description\":\"Somos una tienda especializada en accesorios de moda importados. Ofrecemos productos exclusivos con ventas por mayor y por menor, pensados para realzar tu estilo y acompa\u00f1ar cada ocasi\u00f3n. Descubr\u00ed nuestra amplia variedad de accesorios de calidad, dise\u00f1ados para quienes buscan tendencia, elegancia y precios competitivos.\",\"email\":\"positivobijou@gmail.com\",\"telephone\":\"2200 7696\",\"legalName\":\"Cerro del Potro S.A.\"}]}<\/script>\n<!-- \/ Yoast SEO Premium plugin. -->","yoast_head_json":{"title":"Home v5 - Positivo Accesorios de Moda","robots":{"index":"index","follow":"follow","max-snippet":"max-snippet:-1","max-image-preview":"max-image-preview:large","max-video-preview":"max-video-preview:-1"},"canonical":"https:\/\/positivoaccesorios.com.uy\/pb\/home-v5\/","og_locale":"es_ES","og_type":"article","og_title":"Home v5","og_description":"Dresses Vesquam ante aliquet lacusemper elit cras neque nulla convallis non commodo et. Shop Now&hellip;","og_url":"https:\/\/positivoaccesorios.com.uy\/pb\/home-v5\/","og_site_name":"Positivo Accesorios de Moda","article_publisher":"https:\/\/web.facebook.com\/people\/Positivo-Accesorios\/61576469422995\/?_rdc=1&_rdr#","og_image":[{"url":"https:\/\/ik.imagekit.io\/vn49p9jmnnv7g\/sober\/home5-1_s6elAbzTJ.jpg","type":"","width":"","height":""}],"twitter_card":"summary_large_image","schema":{"@context":"https:\/\/schema.org","@graph":[{"@type":"WebPage","@id":"https:\/\/positivoaccesorios.com.uy\/pb\/home-v5\/","url":"https:\/\/positivoaccesorios.com.uy\/pb\/home-v5\/","name":"Home v5 - Positivo Accesorios de Moda","isPartOf":{"@id":"https:\/\/positivoaccesorios.com.uy\/pb\/#website"},"primaryImageOfPage":{"@id":"https:\/\/positivoaccesorios.com.uy\/pb\/home-v5\/#primaryimage"},"image":{"@id":"https:\/\/positivoaccesorios.com.uy\/pb\/home-v5\/#primaryimage"},"thumbnailUrl":"https:\/\/ik.imagekit.io\/vn49p9jmnnv7g\/sober\/home5-1_s6elAbzTJ.jpg","datePublished":"2016-09-09T03:21:56+00:00","breadcrumb":{"@id":"https:\/\/positivoaccesorios.com.uy\/pb\/home-v5\/#breadcrumb"},"inLanguage":"es","potentialAction":[{"@type":"ReadAction","target":["https:\/\/positivoaccesorios.com.uy\/pb\/home-v5\/"]}]},{"@type":"ImageObject","inLanguage":"es","@id":"https:\/\/positivoaccesorios.com.uy\/pb\/home-v5\/#primaryimage","url":"https:\/\/ik.imagekit.io\/vn49p9jmnnv7g\/sober\/home5-1_s6elAbzTJ.jpg","contentUrl":"https:\/\/ik.imagekit.io\/vn49p9jmnnv7g\/sober\/home5-1_s6elAbzTJ.jpg"},{"@type":"BreadcrumbList","@id":"https:\/\/positivoaccesorios.com.uy\/pb\/home-v5\/#breadcrumb","itemListElement":[{"@type":"ListItem","position":1,"name":"Portada","item":"https:\/\/positivoaccesorios.com.uy\/pb\/"},{"@type":"ListItem","position":2,"name":"Home v5"}]},{"@type":"WebSite","@id":"https:\/\/positivoaccesorios.com.uy\/pb\/#website","url":"https:\/\/positivoaccesorios.com.uy\/pb\/","name":"Positivo Accesorios de Moda","description":"Tienda de accesorios de moda","publisher":{"@id":"https:\/\/positivoaccesorios.com.uy\/pb\/#organization"},"alternateName":"Positivo Accesorios","potentialAction":[{"@type":"SearchAction","target":{"@type":"EntryPoint","urlTemplate":"https:\/\/positivoaccesorios.com.uy\/pb\/?s={search_term_string}"},"query-input":{"@type":"PropertyValueSpecification","valueRequired":true,"valueName":"search_term_string"}}],"inLanguage":"es"},{"@type":"Organization","@id":"https:\/\/positivoaccesorios.com.uy\/pb\/#organization","name":"Positivo Accesorios de Moda","alternateName":"Positivo Bijou","url":"https:\/\/positivoaccesorios.com.uy\/pb\/","logo":{"@type":"ImageObject","inLanguage":"es","@id":"https:\/\/positivoaccesorios.com.uy\/pb\/#\/schema\/logo\/image\/","url":"https:\/\/positivoaccesorios.com.uy\/pb\/wp-content\/uploads\/2025\/08\/Logo-Positivo-175x200-1.webp","contentUrl":"https:\/\/positivoaccesorios.com.uy\/pb\/wp-content\/uploads\/2025\/08\/Logo-Positivo-175x200-1.webp","width":175,"height":85,"caption":"Positivo Accesorios de Moda"},"image":{"@id":"https:\/\/positivoaccesorios.com.uy\/pb\/#\/schema\/logo\/image\/"},"sameAs":["https:\/\/web.facebook.com\/people\/Positivo-Accesorios\/61576469422995\/?_rdc=1&_rdr#","https:\/\/www.instagram.com\/positivobijou"],"description":"Somos una tienda especializada en accesorios de moda importados. Ofrecemos productos exclusivos con ventas por mayor y por menor, pensados para realzar tu estilo y acompa\u00f1ar cada ocasi\u00f3n. Descubr\u00ed nuestra amplia variedad de accesorios de calidad, dise\u00f1ados para quienes buscan tendencia, elegancia y precios competitivos.","email":"positivobijou@gmail.com","telephone":"2200 7696","legalName":"Cerro del Potro S.A."}]}},"_links":{"self":[{"href":"https:\/\/positivoaccesorios.com.uy\/pb\/wp-json\/wp\/v2\/pages\/406","targetHints":{"allow":["GET"]}}],"collection":[{"href":"https:\/\/positivoaccesorios.com.uy\/pb\/wp-json\/wp\/v2\/pages"}],"about":[{"href":"https:\/\/positivoaccesorios.com.uy\/pb\/wp-json\/wp\/v2\/types\/page"}],"author":[{"embeddable":true,"href":"https:\/\/positivoaccesorios.com.uy\/pb\/wp-json\/wp\/v2\/users\/1"}],"replies":[{"embeddable":true,"href":"https:\/\/positivoaccesorios.com.uy\/pb\/wp-json\/wp\/v2\/comments?post=406"}],"version-history":[{"count":0,"href":"https:\/\/positivoaccesorios.com.uy\/pb\/wp-json\/wp\/v2\/pages\/406\/revisions"}],"wp:attachment":[{"href":"https:\/\/positivoaccesorios.com.uy\/pb\/wp-json\/wp\/v2\/media?parent=406"}],"curies":[{"name":"wp","href":"https:\/\/api.w.org\/{rel}","templated":true}]}}