{"id":33,"date":"2016-07-28T04:12:28","date_gmt":"2016-07-28T04:12:28","guid":{"rendered":"http:\/\/demo.uix.store\/sober\/?page_id=33"},"modified":"2016-07-28T04:12:28","modified_gmt":"2016-07-28T04:12:28","slug":"home-v8","status":"publish","type":"page","link":"https:\/\/positivoaccesorios.com.uy\/pb\/home-v8\/","title":{"rendered":"Home v8"},"content":{"rendered":"\t\t<div data-elementor-type=\"wp-page\" data-elementor-id=\"33\" class=\"elementor elementor-33\" data-elementor-post-type=\"page\">\n\t\t\t\t\t\t<section class=\"elementor-section elementor-top-section elementor-element elementor-element-da4f5ba elementor-section-stretched elementor-section-height-min-height elementor-section-content-middle elementor-section-boxed elementor-section-height-default elementor-section-items-middle\" data-id=\"da4f5ba\" data-element_type=\"section\" data-e-type=\"section\" data-settings=\"{&quot;stretch_section&quot;:&quot;section-stretched&quot;,&quot;background_background&quot;:&quot;classic&quot;,&quot;animation&quot;:&quot;none&quot;,&quot;background_motion_fx_motion_fx_scrolling&quot;:&quot;yes&quot;,&quot;background_motion_fx_devices&quot;:[&quot;desktop&quot;,&quot;tablet&quot;,&quot;mobile&quot;]}\">\n\t\t\t\t\t\t<div class=\"elementor-container elementor-column-gap-default\">\n\t\t\t\t\t<div class=\"elementor-column elementor-col-100 elementor-top-column elementor-element elementor-element-bdaf7a5\" data-id=\"bdaf7a5\" data-element_type=\"column\" data-e-type=\"column\">\n\t\t\t<div class=\"elementor-widget-wrap elementor-element-populated\">\n\t\t\t\t\t\t<div class=\"elementor-element elementor-element-595cdd6 elementor-invisible elementor-widget elementor-widget-image\" data-id=\"595cdd6\" data-element_type=\"widget\" data-e-type=\"widget\" data-settings=\"{&quot;_animation&quot;:&quot;fadeInDown&quot;}\" data-widget_type=\"image.default\">\n\t\t\t\t\t\t\t\t\t\t\t\t\t\t\t<img decoding=\"async\" src=\"https:\/\/ik.imagekit.io\/vn49p9jmnnv7g\/sober\/new_arrival_sh4expA_s6.png\" title=\"\" alt=\"\" loading=\"lazy\" \/>\t\t\t\t\t\t\t\t\t\t\t\t\t\t\t<\/div>\n\t\t\t\t<div class=\"elementor-element elementor-element-1b5d3ae elementor-invisible elementor-widget elementor-widget-heading\" data-id=\"1b5d3ae\" data-element_type=\"widget\" data-e-type=\"widget\" data-settings=\"{&quot;_animation&quot;:&quot;fadeInDown&quot;}\" data-widget_type=\"heading.default\">\n\t\t\t\t\t<div class=\"elementor-heading-title elementor-size-default\">Discover now latest collection<\/div>\t\t\t\t<\/div>\n\t\t\t\t<div class=\"elementor-element elementor-element-68d6cc5 sober-button-wrapper--align-center elementor-invisible elementor-widget elementor-widget-sober-button\" data-id=\"68d6cc5\" data-element_type=\"widget\" data-e-type=\"widget\" data-settings=\"{&quot;_animation&quot;:&quot;fadeInDown&quot;}\" data-widget_type=\"sober-button.default\">\n\t\t\t\t<div class=\"elementor-widget-container\">\n\t\t\t\t\t\t\t<a class=\"sober-button sober-button--elementor sober-button--type-outline button-type-outline sober-button--link button sober-button--size-small button-small small sober-button--color-white button-color-white\" role=\"button\" href=\"#\">\n\t\t\t<span class=\"sober-button__text\">SHOP NOW<\/span>\n\t\t<\/a>\n\t\t\t\t\t\t<\/div>\n\t\t\t\t<\/div>\n\t\t\t\t\t<\/div>\n\t\t<\/div>\n\t\t\t\t\t<\/div>\n\t\t<\/section>\n\t\t\t\t<section class=\"elementor-section elementor-top-section elementor-element elementor-element-cbe6e69 elementor-section-stretched elementor-section-height-min-height elementor-section-content-middle elementor-section-boxed elementor-section-height-default elementor-section-items-middle\" data-id=\"cbe6e69\" data-element_type=\"section\" data-e-type=\"section\" data-settings=\"{&quot;stretch_section&quot;:&quot;section-stretched&quot;,&quot;background_background&quot;:&quot;classic&quot;,&quot;animation&quot;:&quot;none&quot;,&quot;background_motion_fx_motion_fx_scrolling&quot;:&quot;yes&quot;,&quot;background_motion_fx_devices&quot;:[&quot;desktop&quot;,&quot;tablet&quot;,&quot;mobile&quot;]}\">\n\t\t\t\t\t\t<div class=\"elementor-container elementor-column-gap-default\">\n\t\t\t\t\t<div class=\"elementor-column elementor-col-33 elementor-top-column elementor-element elementor-element-e463bfa\" data-id=\"e463bfa\" data-element_type=\"column\" data-e-type=\"column\">\n\t\t\t<div class=\"elementor-widget-wrap elementor-element-populated\">\n\t\t\t\t\t\t<div class=\"elementor-element elementor-element-a67dea6 elementor-invisible elementor-widget elementor-widget-sober-section-heading\" data-id=\"a67dea6\" data-element_type=\"widget\" data-e-type=\"widget\" data-settings=\"{&quot;_animation&quot;:&quot;fadeInDown&quot;}\" data-widget_type=\"sober-section-heading.default\">\n\t\t\t\t<div class=\"elementor-widget-container\">\n\t\t\t\t\t<h2 class=\"sober-section-heading sober-section-heading--default sober-section-header--align-center\"><span class=\"sober-section-heading__title\">SS '20<br>LOOKBOOK<\/span><\/h2>\t\t\t\t<\/div>\n\t\t\t\t<\/div>\n\t\t\t\t<div class=\"elementor-element elementor-element-1fa89d9 sober-button-wrapper--align-center elementor-invisible elementor-widget elementor-widget-sober-button\" data-id=\"1fa89d9\" data-element_type=\"widget\" data-e-type=\"widget\" data-settings=\"{&quot;_animation&quot;:&quot;fadeInDown&quot;}\" data-widget_type=\"sober-button.default\">\n\t\t\t\t<div class=\"elementor-widget-container\">\n\t\t\t\t\t\t\t<a class=\"sober-button sober-button--elementor sober-button--type-normal button-type-normal sober-button--link button sober-button--size-small button-small small\" role=\"button\" href=\"#\">\n\t\t\t<span class=\"sober-button__text\">EXPLORE NOW<\/span>\n\t\t<\/a>\n\t\t\t\t\t\t<\/div>\n\t\t\t\t<\/div>\n\t\t\t\t\t<\/div>\n\t\t<\/div>\n\t\t\t\t<div class=\"elementor-column elementor-col-66 elementor-top-column elementor-element elementor-element-7078ec9 elementor-hidden-phone\" data-id=\"7078ec9\" data-element_type=\"column\" data-e-type=\"column\">\n\t\t\t<div class=\"elementor-widget-wrap\">\n\t\t\t\t\t\t\t<\/div>\n\t\t<\/div>\n\t\t\t\t\t<\/div>\n\t\t<\/section>\n\t\t\t\t<section class=\"elementor-section elementor-top-section elementor-element elementor-element-9c2035a elementor-section-stretched elementor-section-height-min-height elementor-section-content-middle elementor-section-boxed elementor-section-height-default elementor-section-items-middle\" data-id=\"9c2035a\" data-element_type=\"section\" data-e-type=\"section\" data-settings=\"{&quot;stretch_section&quot;:&quot;section-stretched&quot;,&quot;background_background&quot;:&quot;classic&quot;,&quot;animation&quot;:&quot;none&quot;,&quot;background_motion_fx_motion_fx_scrolling&quot;:&quot;yes&quot;,&quot;background_motion_fx_devices&quot;:[&quot;desktop&quot;,&quot;tablet&quot;,&quot;mobile&quot;]}\">\n\t\t\t\t\t\t<div class=\"elementor-container elementor-column-gap-default\">\n\t\t\t\t\t<div class=\"elementor-column elementor-col-100 elementor-top-column elementor-element elementor-element-233f414\" data-id=\"233f414\" data-element_type=\"column\" data-e-type=\"column\">\n\t\t\t<div class=\"elementor-widget-wrap elementor-element-populated\">\n\t\t\t\t\t\t<div class=\"elementor-element elementor-element-b59e307 elementor-invisible elementor-widget elementor-widget-sober-section-heading\" data-id=\"b59e307\" data-element_type=\"widget\" data-e-type=\"widget\" data-settings=\"{&quot;_animation&quot;:&quot;fadeInDown&quot;}\" data-widget_type=\"sober-section-heading.default\">\n\t\t\t\t<div class=\"elementor-widget-container\">\n\t\t\t\t\t<h2 class=\"sober-section-heading sober-section-heading--default sober-section-header--align-center\"><span class=\"sober-section-heading__title\">The Time is Now<\/span><\/h2>\t\t\t\t<\/div>\n\t\t\t\t<\/div>\n\t\t\t\t<div class=\"elementor-element elementor-element-f584f2e elementor-invisible elementor-widget elementor-widget-heading\" data-id=\"f584f2e\" data-element_type=\"widget\" data-e-type=\"widget\" data-settings=\"{&quot;_animation&quot;:&quot;fadeInDown&quot;}\" data-widget_type=\"heading.default\">\n\t\t\t\t\t<div class=\"elementor-heading-title elementor-size-default\">Discover now latest collection<\/div>\t\t\t\t<\/div>\n\t\t\t\t<div class=\"elementor-element elementor-element-bdecbd5 sober-button-wrapper--align-center elementor-invisible elementor-widget elementor-widget-sober-button\" data-id=\"bdecbd5\" data-element_type=\"widget\" data-e-type=\"widget\" data-settings=\"{&quot;_animation&quot;:&quot;fadeInDown&quot;}\" data-widget_type=\"sober-button.default\">\n\t\t\t\t<div class=\"elementor-widget-container\">\n\t\t\t\t\t\t\t<a class=\"sober-button sober-button--elementor sober-button--type-outline button-type-outline sober-button--link button sober-button--size-small button-small small sober-button--color-white button-color-white\" role=\"button\" href=\"#\">\n\t\t\t<span class=\"sober-button__text\">SHOP NOW<\/span>\n\t\t<\/a>\n\t\t\t\t\t\t<\/div>\n\t\t\t\t<\/div>\n\t\t\t\t\t<\/div>\n\t\t<\/div>\n\t\t\t\t\t<\/div>\n\t\t<\/section>\n\t\t\t\t<section class=\"elementor-section elementor-top-section elementor-element elementor-element-da59418 elementor-section-stretched elementor-section-full_width elementor-section-height-min-height elementor-section-content-middle elementor-section-height-default elementor-section-items-middle\" data-id=\"da59418\" data-element_type=\"section\" data-e-type=\"section\" data-settings=\"{&quot;stretch_section&quot;:&quot;section-stretched&quot;,&quot;background_background&quot;:&quot;classic&quot;,&quot;background_motion_fx_motion_fx_scrolling&quot;:&quot;yes&quot;,&quot;background_motion_fx_devices&quot;:[&quot;desktop&quot;,&quot;tablet&quot;,&quot;mobile&quot;]}\">\n\t\t\t\t\t\t<div class=\"elementor-container elementor-column-gap-default\">\n\t\t\t\t\t<div class=\"elementor-column elementor-col-50 elementor-top-column elementor-element elementor-element-e45aa31 elementor-hidden-tablet elementor-hidden-phone\" data-id=\"e45aa31\" data-element_type=\"column\" data-e-type=\"column\">\n\t\t\t<div class=\"elementor-widget-wrap\">\n\t\t\t\t\t\t\t<\/div>\n\t\t<\/div>\n\t\t\t\t<div class=\"elementor-column elementor-col-50 elementor-top-column elementor-element elementor-element-b2c1911\" data-id=\"b2c1911\" data-element_type=\"column\" data-e-type=\"column\">\n\t\t\t<div class=\"elementor-widget-wrap elementor-element-populated\">\n\t\t\t\t\t\t<div class=\"elementor-element elementor-element-b5982a7 elementor-invisible elementor-widget elementor-widget-image\" data-id=\"b5982a7\" data-element_type=\"widget\" data-e-type=\"widget\" data-settings=\"{&quot;_animation&quot;:&quot;fadeInDown&quot;}\" data-widget_type=\"image.default\">\n\t\t\t\t\t\t\t\t\t\t\t\t\t\t\t<img decoding=\"async\" src=\"https:\/\/ik.imagekit.io\/vn49p9jmnnv7g\/sober\/change-your-life_xgmiSXDmu.png\" title=\"\" alt=\"\" loading=\"lazy\" \/>\t\t\t\t\t\t\t\t\t\t\t\t\t\t\t<\/div>\n\t\t\t\t<div class=\"elementor-element elementor-element-a30c963 elementor-invisible elementor-widget elementor-widget-heading\" data-id=\"a30c963\" data-element_type=\"widget\" data-e-type=\"widget\" data-settings=\"{&quot;_animation&quot;:&quot;fadeInDown&quot;}\" data-widget_type=\"heading.default\">\n\t\t\t\t\t<div class=\"elementor-heading-title elementor-size-default\">Sed ut perspiciatis unde omnis iste natus error sit voluptatem\naccusantium doloremque laudantium.<\/div>\t\t\t\t<\/div>\n\t\t\t\t<div class=\"elementor-element elementor-element-cc30981 sober-button-wrapper--align-center elementor-invisible elementor-widget elementor-widget-sober-button\" data-id=\"cc30981\" data-element_type=\"widget\" data-e-type=\"widget\" data-settings=\"{&quot;_animation&quot;:&quot;fadeInDown&quot;}\" data-widget_type=\"sober-button.default\">\n\t\t\t\t<div class=\"elementor-widget-container\">\n\t\t\t\t\t\t\t<a class=\"sober-button sober-button--elementor sober-button--type-outline button-type-outline sober-button--link button sober-button--size-small button-small small\" role=\"button\" href=\"#\">\n\t\t\t<span class=\"sober-button__text\">SHOP NOW<\/span>\n\t\t<\/a>\n\t\t\t\t\t\t<\/div>\n\t\t\t\t<\/div>\n\t\t\t\t\t<\/div>\n\t\t<\/div>\n\t\t\t\t\t<\/div>\n\t\t<\/section>\n\t\t\t\t<section class=\"elementor-section elementor-top-section elementor-element elementor-element-60e2baf elementor-section-stretched elementor-section-height-min-height elementor-section-content-middle elementor-section-boxed elementor-section-height-default elementor-section-items-middle\" data-id=\"60e2baf\" data-element_type=\"section\" data-e-type=\"section\" data-settings=\"{&quot;stretch_section&quot;:&quot;section-stretched&quot;,&quot;background_background&quot;:&quot;classic&quot;,&quot;animation&quot;:&quot;none&quot;,&quot;background_motion_fx_motion_fx_scrolling&quot;:&quot;yes&quot;,&quot;background_motion_fx_devices&quot;:[&quot;desktop&quot;,&quot;tablet&quot;,&quot;mobile&quot;]}\">\n\t\t\t\t\t\t<div class=\"elementor-container elementor-column-gap-default\">\n\t\t\t\t\t<div class=\"elementor-column elementor-col-100 elementor-top-column elementor-element elementor-element-8cafb86\" data-id=\"8cafb86\" data-element_type=\"column\" data-e-type=\"column\">\n\t\t\t<div class=\"elementor-widget-wrap elementor-element-populated\">\n\t\t\t\t\t\t<div class=\"elementor-element elementor-element-47f65b5 elementor-invisible elementor-widget elementor-widget-sober-section-heading\" data-id=\"47f65b5\" data-element_type=\"widget\" data-e-type=\"widget\" data-settings=\"{&quot;_animation&quot;:&quot;fadeInDown&quot;}\" data-widget_type=\"sober-section-heading.default\">\n\t\t\t\t<div class=\"elementor-widget-container\">\n\t\t\t\t\t<h2 class=\"sober-section-heading sober-section-heading--default sober-section-header--align-center\"><span class=\"sober-section-heading__title\">New<br>Essentials<\/span><\/h2>\t\t\t\t<\/div>\n\t\t\t\t<\/div>\n\t\t\t\t<div class=\"elementor-element elementor-element-4953993 sober-button-wrapper--align-center elementor-invisible elementor-widget elementor-widget-sober-button\" data-id=\"4953993\" data-element_type=\"widget\" data-e-type=\"widget\" data-settings=\"{&quot;_animation&quot;:&quot;fadeInDown&quot;}\" data-widget_type=\"sober-button.default\">\n\t\t\t\t<div class=\"elementor-widget-container\">\n\t\t\t\t\t\t\t<a class=\"sober-button sober-button--elementor sober-button--type-outline button-type-outline sober-button--link button sober-button--size-small button-small small sober-button--color-white button-color-white\" role=\"button\" href=\"#\">\n\t\t\t<span class=\"sober-button__text\">DISCOVER<\/span>\n\t\t<\/a>\n\t\t\t\t\t\t<\/div>\n\t\t\t\t<\/div>\n\t\t\t\t\t<\/div>\n\t\t<\/div>\n\t\t\t\t\t<\/div>\n\t\t<\/section>\n\t\t\t\t<\/div>\n\t\t","protected":false},"excerpt":{"rendered":"<p>Discover now latest collection SHOP NOW SS &#8217;20LOOKBOOK EXPLORE NOW The Time is Now Discover&hellip;<\/p>\n","protected":false},"author":1,"featured_media":0,"parent":0,"menu_order":0,"comment_status":"closed","ping_status":"closed","template":"","meta":{"footnotes":""},"class_list":["post-33","page","type-page","status-publish","hentry"],"yoast_head":"<!-- This site is optimized with the Yoast SEO Premium plugin v27.4 (Yoast SEO v27.5) - https:\/\/yoast.com\/product\/yoast-seo-premium-wordpress\/ -->\n<title>Home v8 - Positivo Accesorios de Moda<\/title>\n<meta name=\"robots\" content=\"index, follow, max-snippet:-1, max-image-preview:large, max-video-preview:-1\" \/>\n<link rel=\"canonical\" href=\"https:\/\/positivoaccesorios.com.uy\/pb\/home-v8\/\" \/>\n<meta property=\"og:locale\" content=\"es_ES\" \/>\n<meta property=\"og:type\" content=\"article\" \/>\n<meta property=\"og:title\" content=\"Home v8\" \/>\n<meta property=\"og:description\" content=\"Discover now latest collection SHOP NOW SS &#8217;20LOOKBOOK EXPLORE NOW The Time is Now Discover&hellip;\" \/>\n<meta property=\"og:url\" content=\"https:\/\/positivoaccesorios.com.uy\/pb\/home-v8\/\" \/>\n<meta property=\"og:site_name\" content=\"Positivo Accesorios de Moda\" \/>\n<meta property=\"article:publisher\" content=\"https:\/\/web.facebook.com\/people\/Positivo-Accesorios\/61576469422995\/?_rdc=1&amp;_rdr#\" \/>\n<meta property=\"og:image\" content=\"https:\/\/ik.imagekit.io\/vn49p9jmnnv7g\/sober\/new_arrival_sh4expA_s6.png\" \/>\n<meta name=\"twitter:card\" content=\"summary_large_image\" \/>\n<script type=\"application\/ld+json\" class=\"yoast-schema-graph\">{\"@context\":\"https:\\\/\\\/schema.org\",\"@graph\":[{\"@type\":\"WebPage\",\"@id\":\"https:\\\/\\\/positivoaccesorios.com.uy\\\/pb\\\/home-v8\\\/\",\"url\":\"https:\\\/\\\/positivoaccesorios.com.uy\\\/pb\\\/home-v8\\\/\",\"name\":\"Home v8 - Positivo Accesorios de Moda\",\"isPartOf\":{\"@id\":\"https:\\\/\\\/positivoaccesorios.com.uy\\\/pb\\\/#website\"},\"primaryImageOfPage\":{\"@id\":\"https:\\\/\\\/positivoaccesorios.com.uy\\\/pb\\\/home-v8\\\/#primaryimage\"},\"image\":{\"@id\":\"https:\\\/\\\/positivoaccesorios.com.uy\\\/pb\\\/home-v8\\\/#primaryimage\"},\"thumbnailUrl\":\"https:\\\/\\\/ik.imagekit.io\\\/vn49p9jmnnv7g\\\/sober\\\/new_arrival_sh4expA_s6.png\",\"datePublished\":\"2016-07-28T04:12:28+00:00\",\"breadcrumb\":{\"@id\":\"https:\\\/\\\/positivoaccesorios.com.uy\\\/pb\\\/home-v8\\\/#breadcrumb\"},\"inLanguage\":\"es\",\"potentialAction\":[{\"@type\":\"ReadAction\",\"target\":[\"https:\\\/\\\/positivoaccesorios.com.uy\\\/pb\\\/home-v8\\\/\"]}]},{\"@type\":\"ImageObject\",\"inLanguage\":\"es\",\"@id\":\"https:\\\/\\\/positivoaccesorios.com.uy\\\/pb\\\/home-v8\\\/#primaryimage\",\"url\":\"https:\\\/\\\/ik.imagekit.io\\\/vn49p9jmnnv7g\\\/sober\\\/new_arrival_sh4expA_s6.png\",\"contentUrl\":\"https:\\\/\\\/ik.imagekit.io\\\/vn49p9jmnnv7g\\\/sober\\\/new_arrival_sh4expA_s6.png\"},{\"@type\":\"BreadcrumbList\",\"@id\":\"https:\\\/\\\/positivoaccesorios.com.uy\\\/pb\\\/home-v8\\\/#breadcrumb\",\"itemListElement\":[{\"@type\":\"ListItem\",\"position\":1,\"name\":\"Portada\",\"item\":\"https:\\\/\\\/positivoaccesorios.com.uy\\\/pb\\\/\"},{\"@type\":\"ListItem\",\"position\":2,\"name\":\"Home v8\"}]},{\"@type\":\"WebSite\",\"@id\":\"https:\\\/\\\/positivoaccesorios.com.uy\\\/pb\\\/#website\",\"url\":\"https:\\\/\\\/positivoaccesorios.com.uy\\\/pb\\\/\",\"name\":\"Positivo Accesorios de Moda\",\"description\":\"Tienda de accesorios de moda\",\"publisher\":{\"@id\":\"https:\\\/\\\/positivoaccesorios.com.uy\\\/pb\\\/#organization\"},\"alternateName\":\"Positivo Accesorios\",\"potentialAction\":[{\"@type\":\"SearchAction\",\"target\":{\"@type\":\"EntryPoint\",\"urlTemplate\":\"https:\\\/\\\/positivoaccesorios.com.uy\\\/pb\\\/?s={search_term_string}\"},\"query-input\":{\"@type\":\"PropertyValueSpecification\",\"valueRequired\":true,\"valueName\":\"search_term_string\"}}],\"inLanguage\":\"es\"},{\"@type\":\"Organization\",\"@id\":\"https:\\\/\\\/positivoaccesorios.com.uy\\\/pb\\\/#organization\",\"name\":\"Positivo Accesorios de Moda\",\"alternateName\":\"Positivo Bijou\",\"url\":\"https:\\\/\\\/positivoaccesorios.com.uy\\\/pb\\\/\",\"logo\":{\"@type\":\"ImageObject\",\"inLanguage\":\"es\",\"@id\":\"https:\\\/\\\/positivoaccesorios.com.uy\\\/pb\\\/#\\\/schema\\\/logo\\\/image\\\/\",\"url\":\"https:\\\/\\\/positivoaccesorios.com.uy\\\/pb\\\/wp-content\\\/uploads\\\/2025\\\/08\\\/Logo-Positivo-175x200-1.webp\",\"contentUrl\":\"https:\\\/\\\/positivoaccesorios.com.uy\\\/pb\\\/wp-content\\\/uploads\\\/2025\\\/08\\\/Logo-Positivo-175x200-1.webp\",\"width\":175,\"height\":85,\"caption\":\"Positivo Accesorios de Moda\"},\"image\":{\"@id\":\"https:\\\/\\\/positivoaccesorios.com.uy\\\/pb\\\/#\\\/schema\\\/logo\\\/image\\\/\"},\"sameAs\":[\"https:\\\/\\\/web.facebook.com\\\/people\\\/Positivo-Accesorios\\\/61576469422995\\\/?_rdc=1&_rdr#\",\"https:\\\/\\\/www.instagram.com\\\/positivobijou\"],\"description\":\"Somos una tienda especializada en accesorios de moda importados. Ofrecemos productos exclusivos con ventas por mayor y por menor, pensados para realzar tu estilo y acompa\u00f1ar cada ocasi\u00f3n. Descubr\u00ed nuestra amplia variedad de accesorios de calidad, dise\u00f1ados para quienes buscan tendencia, elegancia y precios competitivos.\",\"email\":\"positivobijou@gmail.com\",\"telephone\":\"2200 7696\",\"legalName\":\"Cerro del Potro S.A.\"}]}<\/script>\n<!-- \/ Yoast SEO Premium plugin. -->","yoast_head_json":{"title":"Home v8 - Positivo Accesorios de Moda","robots":{"index":"index","follow":"follow","max-snippet":"max-snippet:-1","max-image-preview":"max-image-preview:large","max-video-preview":"max-video-preview:-1"},"canonical":"https:\/\/positivoaccesorios.com.uy\/pb\/home-v8\/","og_locale":"es_ES","og_type":"article","og_title":"Home v8","og_description":"Discover now latest collection SHOP NOW SS &#8217;20LOOKBOOK EXPLORE NOW The Time is Now Discover&hellip;","og_url":"https:\/\/positivoaccesorios.com.uy\/pb\/home-v8\/","og_site_name":"Positivo Accesorios de Moda","article_publisher":"https:\/\/web.facebook.com\/people\/Positivo-Accesorios\/61576469422995\/?_rdc=1&_rdr#","og_image":[{"url":"https:\/\/ik.imagekit.io\/vn49p9jmnnv7g\/sober\/new_arrival_sh4expA_s6.png","type":"","width":"","height":""}],"twitter_card":"summary_large_image","schema":{"@context":"https:\/\/schema.org","@graph":[{"@type":"WebPage","@id":"https:\/\/positivoaccesorios.com.uy\/pb\/home-v8\/","url":"https:\/\/positivoaccesorios.com.uy\/pb\/home-v8\/","name":"Home v8 - Positivo Accesorios de Moda","isPartOf":{"@id":"https:\/\/positivoaccesorios.com.uy\/pb\/#website"},"primaryImageOfPage":{"@id":"https:\/\/positivoaccesorios.com.uy\/pb\/home-v8\/#primaryimage"},"image":{"@id":"https:\/\/positivoaccesorios.com.uy\/pb\/home-v8\/#primaryimage"},"thumbnailUrl":"https:\/\/ik.imagekit.io\/vn49p9jmnnv7g\/sober\/new_arrival_sh4expA_s6.png","datePublished":"2016-07-28T04:12:28+00:00","breadcrumb":{"@id":"https:\/\/positivoaccesorios.com.uy\/pb\/home-v8\/#breadcrumb"},"inLanguage":"es","potentialAction":[{"@type":"ReadAction","target":["https:\/\/positivoaccesorios.com.uy\/pb\/home-v8\/"]}]},{"@type":"ImageObject","inLanguage":"es","@id":"https:\/\/positivoaccesorios.com.uy\/pb\/home-v8\/#primaryimage","url":"https:\/\/ik.imagekit.io\/vn49p9jmnnv7g\/sober\/new_arrival_sh4expA_s6.png","contentUrl":"https:\/\/ik.imagekit.io\/vn49p9jmnnv7g\/sober\/new_arrival_sh4expA_s6.png"},{"@type":"BreadcrumbList","@id":"https:\/\/positivoaccesorios.com.uy\/pb\/home-v8\/#breadcrumb","itemListElement":[{"@type":"ListItem","position":1,"name":"Portada","item":"https:\/\/positivoaccesorios.com.uy\/pb\/"},{"@type":"ListItem","position":2,"name":"Home v8"}]},{"@type":"WebSite","@id":"https:\/\/positivoaccesorios.com.uy\/pb\/#website","url":"https:\/\/positivoaccesorios.com.uy\/pb\/","name":"Positivo Accesorios de Moda","description":"Tienda de accesorios de moda","publisher":{"@id":"https:\/\/positivoaccesorios.com.uy\/pb\/#organization"},"alternateName":"Positivo Accesorios","potentialAction":[{"@type":"SearchAction","target":{"@type":"EntryPoint","urlTemplate":"https:\/\/positivoaccesorios.com.uy\/pb\/?s={search_term_string}"},"query-input":{"@type":"PropertyValueSpecification","valueRequired":true,"valueName":"search_term_string"}}],"inLanguage":"es"},{"@type":"Organization","@id":"https:\/\/positivoaccesorios.com.uy\/pb\/#organization","name":"Positivo Accesorios de Moda","alternateName":"Positivo Bijou","url":"https:\/\/positivoaccesorios.com.uy\/pb\/","logo":{"@type":"ImageObject","inLanguage":"es","@id":"https:\/\/positivoaccesorios.com.uy\/pb\/#\/schema\/logo\/image\/","url":"https:\/\/positivoaccesorios.com.uy\/pb\/wp-content\/uploads\/2025\/08\/Logo-Positivo-175x200-1.webp","contentUrl":"https:\/\/positivoaccesorios.com.uy\/pb\/wp-content\/uploads\/2025\/08\/Logo-Positivo-175x200-1.webp","width":175,"height":85,"caption":"Positivo Accesorios de Moda"},"image":{"@id":"https:\/\/positivoaccesorios.com.uy\/pb\/#\/schema\/logo\/image\/"},"sameAs":["https:\/\/web.facebook.com\/people\/Positivo-Accesorios\/61576469422995\/?_rdc=1&_rdr#","https:\/\/www.instagram.com\/positivobijou"],"description":"Somos una tienda especializada en accesorios de moda importados. Ofrecemos productos exclusivos con ventas por mayor y por menor, pensados para realzar tu estilo y acompa\u00f1ar cada ocasi\u00f3n. Descubr\u00ed nuestra amplia variedad de accesorios de calidad, dise\u00f1ados para quienes buscan tendencia, elegancia y precios competitivos.","email":"positivobijou@gmail.com","telephone":"2200 7696","legalName":"Cerro del Potro S.A."}]}},"_links":{"self":[{"href":"https:\/\/positivoaccesorios.com.uy\/pb\/wp-json\/wp\/v2\/pages\/33","targetHints":{"allow":["GET"]}}],"collection":[{"href":"https:\/\/positivoaccesorios.com.uy\/pb\/wp-json\/wp\/v2\/pages"}],"about":[{"href":"https:\/\/positivoaccesorios.com.uy\/pb\/wp-json\/wp\/v2\/types\/page"}],"author":[{"embeddable":true,"href":"https:\/\/positivoaccesorios.com.uy\/pb\/wp-json\/wp\/v2\/users\/1"}],"replies":[{"embeddable":true,"href":"https:\/\/positivoaccesorios.com.uy\/pb\/wp-json\/wp\/v2\/comments?post=33"}],"version-history":[{"count":0,"href":"https:\/\/positivoaccesorios.com.uy\/pb\/wp-json\/wp\/v2\/pages\/33\/revisions"}],"wp:attachment":[{"href":"https:\/\/positivoaccesorios.com.uy\/pb\/wp-json\/wp\/v2\/media?parent=33"}],"curies":[{"name":"wp","href":"https:\/\/api.w.org\/{rel}","templated":true}]}}