{"id":2568,"date":"2020-05-20T08:58:54","date_gmt":"2020-05-20T08:58:54","guid":{"rendered":"http:\/\/localhost\/test\/?page_id=2568"},"modified":"2020-05-20T08:58:54","modified_gmt":"2020-05-20T08:58:54","slug":"stores","status":"publish","type":"page","link":"https:\/\/positivoaccesorios.com.uy\/pb\/stores\/","title":{"rendered":"Stores"},"content":{"rendered":"\t\t<div data-elementor-type=\"wp-page\" data-elementor-id=\"2568\" class=\"elementor elementor-2568\" data-elementor-post-type=\"page\">\n\t\t\t\t\t\t<section class=\"elementor-section elementor-top-section elementor-element elementor-element-0c56bd8 elementor-section-height-full elementor-section-content-middle elementor-section-boxed elementor-section-height-default elementor-section-items-middle\" data-id=\"0c56bd8\" data-element_type=\"section\" data-e-type=\"section\">\n\t\t\t\t\t\t<div class=\"elementor-container elementor-column-gap-no\">\n\t\t\t\t\t<div class=\"elementor-column elementor-col-100 elementor-top-column elementor-element elementor-element-54b8258\" data-id=\"54b8258\" data-element_type=\"column\" data-e-type=\"column\">\n\t\t\t<div class=\"elementor-widget-wrap elementor-element-populated\">\n\t\t\t\t\t\t<div class=\"elementor-element elementor-element-41aaecd elementor-widget elementor-widget-sober-section-heading\" data-id=\"41aaecd\" data-element_type=\"widget\" data-e-type=\"widget\" data-widget_type=\"sober-section-heading.default\">\n\t\t\t\t<div class=\"elementor-widget-container\">\n\t\t\t\t\t<h2 class=\"sober-section-heading sober-section-heading--large sober-section-header--align-left\"><span class=\"sober-section-heading__title\">Our Store<\/span><\/h2>\t\t\t\t<\/div>\n\t\t\t\t<\/div>\n\t\t\t\t<div class=\"elementor-element elementor-element-547aae1 heading-tabs elementor-widget elementor-widget-sober-tabs\" data-id=\"547aae1\" data-element_type=\"widget\" data-e-type=\"widget\" data-widget_type=\"sober-tabs.default\">\n\t\t\t\t<div class=\"elementor-widget-container\">\n\t\t\t\t\t\t\t<div class=\"sober-tabs sober-tabs--horizontal\" role=\"tablist\">\n\t\t\t<div class=\"sober-tabs__tabs sober-tabs__tabs--left\">\n\t\t\t\t<ul>\n\t\t\t\t\t\t\t\t\t\t\t<li id=\"sober-tab-title-8851\" class=\"sober-tab__title\" data-tab=\"1\" role=\"tab\" aria-controls=\"sober-tab-content-8851\"><a href=\"#sober-tab-content-8851\">New York<\/a><\/li>\n\t\t\t\t\t\t\t\t\t\t\t<li id=\"sober-tab-title-8852\" class=\"sober-tab__title\" data-tab=\"2\" role=\"tab\" aria-controls=\"sober-tab-content-8852\"><a href=\"#sober-tab-content-8852\">San Francisco<\/a><\/li>\n\t\t\t\t\t\t\t\t\t\t\t<li id=\"sober-tab-title-8853\" class=\"sober-tab__title\" data-tab=\"3\" role=\"tab\" aria-controls=\"sober-tab-content-8853\"><a href=\"#sober-tab-content-8853\">Copenhagen<\/a><\/li>\n\t\t\t\t\t\t\t\t\t\t\t<li id=\"sober-tab-title-8854\" class=\"sober-tab__title\" data-tab=\"4\" role=\"tab\" aria-controls=\"sober-tab-content-8854\"><a href=\"#sober-tab-content-8854\">Amsterdam<\/a><\/li>\n\t\t\t\t\t\t\t\t\t<\/ul>\n\t\t\t<\/div>\n\t\t\t<div class=\"sober-tabs__content\">\n\t\t\t\t\t\t\t\t\t<div id=\"sober-tab-content-8851\" class=\"sober-tab__content clearfix\" data-tab=\"1\" role=\"tabpanel\" aria-labelledby=\"sober-tab-title-8851\">\n<div class=\"wp-block-columns is-layout-flex wp-container-core-columns-is-layout-9d6595d7 wp-block-columns-is-layout-flex\">\n<div class=\"wp-block-column is-layout-flow wp-block-column-is-layout-flow\" style=\"flex-basis: 66.66%;\"><div class=\"sober-map  \" style=\"width: 100%;height: 400px\" data-zoom=\"15\" data-lat=\"40.7127281\" data-lng=\"-74.0060152\" data-color=\"grey\" data-marker=\"https:\/\/ik.imagekit.io\/vn49p9jmnnv7g\/sober\/map-place_O__hzlX1c.svg\"><\/div>\n<\/div>\n\n\n<div class=\"wp-block-column is-layout-flow wp-block-column-is-layout-flow\" style=\"flex-basis: 33.33%;\">\n<h4>New York Showroom<\/h4>\n<p style=\"font-weight: 600; margin-bottom: 0;\">ADDRESS<\/p>\n<p style=\"font-weight: 500; color: #23232c;\">9606 North MoPac Expressway Suite 700 Austin, TX 78759<\/p>\n<p style=\"font-weight: 600; margin-bottom: 0;\">PHONE<\/p>\n<p style=\"font-weight: 500; color: #23232c;\">+1 248-785-8545<\/p>\n<p style=\"font-weight: 600; margin-bottom: 0;\">EMAIL<\/p>\n<p style=\"font-weight: 500; color: #23232c;\">sober@google.com<\/p>\n<\/div>\n\n<\/div>\n<\/div>\n\t\t\t\t\t\t\t\t\t<div id=\"sober-tab-content-8852\" class=\"sober-tab__content clearfix\" data-tab=\"2\" role=\"tabpanel\" aria-labelledby=\"sober-tab-title-8852\">\n<div class=\"wp-block-columns is-layout-flex wp-container-core-columns-is-layout-9d6595d7 wp-block-columns-is-layout-flex\">\n<div class=\"wp-block-column is-layout-flow wp-block-column-is-layout-flow\" style=\"flex-basis: 66.66%;\"><div class=\"sober-map  \" style=\"width: 100%;height: 400px\" data-zoom=\"15\" data-lat=\"37.7879363\" data-lng=\"-122.4075201\" data-color=\"grey\" data-marker=\"https:\/\/ik.imagekit.io\/vn49p9jmnnv7g\/sober\/map-place_O__hzlX1c.svg\"><\/div>\n<\/div>\n\n\n<div class=\"wp-block-column is-layout-flow wp-block-column-is-layout-flow\" style=\"flex-basis: 33.33%;\">\n<h4>San Francisco Showroom<\/h4>\n<p style=\"font-weight: 600; margin-bottom: 0;\">ADDRESS<\/p>\n<p style=\"font-weight: 500; color: #23232c;\">9606 North MoPac Expressway Suite 700 Austin, TX 78759<\/p>\n<p style=\"font-weight: 600; margin-bottom: 0;\">PHONE<\/p>\n<p style=\"font-weight: 500; color: #23232c;\">+1 248-785-8545<\/p>\n<p style=\"font-weight: 600; margin-bottom: 0;\">EMAIL<\/p>\n<p style=\"font-weight: 500; color: #23232c;\">sober@google.com<\/p>\n<\/div>\n\n<\/div>\n<\/div>\n\t\t\t\t\t\t\t\t\t<div id=\"sober-tab-content-8853\" class=\"sober-tab__content clearfix\" data-tab=\"3\" role=\"tabpanel\" aria-labelledby=\"sober-tab-title-8853\">\n<div class=\"wp-block-columns is-layout-flex wp-container-core-columns-is-layout-9d6595d7 wp-block-columns-is-layout-flex\">\n<div class=\"wp-block-column is-layout-flow wp-block-column-is-layout-flow\" style=\"flex-basis: 66.66%;\"><div class=\"sober-map  \" style=\"width: 100%;height: 400px\" data-zoom=\"15\" data-lat=\"55.6867243\" data-lng=\"12.5700724\" data-color=\"grey\" data-marker=\"https:\/\/ik.imagekit.io\/vn49p9jmnnv7g\/sober\/map-place_O__hzlX1c.svg\"><\/div>\n<\/div>\n\n\n<div class=\"wp-block-column is-layout-flow wp-block-column-is-layout-flow\" style=\"flex-basis: 33.33%;\">\n<h4>Copenhagen Showroom<\/h4>\n<p style=\"font-weight: 600; margin-bottom: 0;\">ADDRESS<\/p>\n<p style=\"font-weight: 500; color: #23232c;\">9606 North MoPac Expressway Suite 700 Austin, TX 78759<\/p>\n<p style=\"font-weight: 600; margin-bottom: 0;\">PHONE<\/p>\n<p style=\"font-weight: 500; color: #23232c;\">+1 248-785-8545<\/p>\n<p style=\"font-weight: 600; margin-bottom: 0;\">EMAIL<\/p>\n<p style=\"font-weight: 500; color: #23232c;\">sober@google.com<\/p>\n<\/div>\n\n<\/div>\n<\/div>\n\t\t\t\t\t\t\t\t\t<div id=\"sober-tab-content-8854\" class=\"sober-tab__content clearfix\" data-tab=\"4\" role=\"tabpanel\" aria-labelledby=\"sober-tab-title-8854\">\n<div class=\"wp-block-columns is-layout-flex wp-container-core-columns-is-layout-9d6595d7 wp-block-columns-is-layout-flex\">\n<div class=\"wp-block-column is-layout-flow wp-block-column-is-layout-flow\" style=\"flex-basis: 66.66%;\"><div class=\"sober-map  \" style=\"width: 100%;height: 400px\" data-zoom=\"15\" data-lat=\"52.3730796\" data-lng=\"4.8924534\" data-color=\"grey\" data-marker=\"https:\/\/ik.imagekit.io\/vn49p9jmnnv7g\/sober\/map-place_O__hzlX1c.svg\"><\/div>\n<\/div>\n\n\n<div class=\"wp-block-column is-layout-flow wp-block-column-is-layout-flow\" style=\"flex-basis: 33.33%;\">\n<h4>Amsterdam Showroom<\/h4>\n<p style=\"font-weight: 600; margin-bottom: 0;\">ADDRESS<\/p>\n<p style=\"font-weight: 500; color: #23232c;\">9606 North MoPac Expressway Suite 700 Austin, TX 78759<\/p>\n<p style=\"font-weight: 600; margin-bottom: 0;\">PHONE<\/p>\n<p style=\"font-weight: 500; color: #23232c;\">+1 248-785-8545<\/p>\n<p style=\"font-weight: 600; margin-bottom: 0;\">EMAIL<\/p>\n<p style=\"font-weight: 500; color: #23232c;\">sober@google.com<\/p>\n<\/div>\n\n<\/div>\n<\/div>\n\t\t\t\t\t\t\t<\/div>\n\t\t<\/div>\n\t\t\t\t\t\t<\/div>\n\t\t\t\t<\/div>\n\t\t\t\t\t<\/div>\n\t\t<\/div>\n\t\t\t\t\t<\/div>\n\t\t<\/section>\n\t\t\t\t<\/div>\n\t\t","protected":false},"excerpt":{"rendered":"<p>Our Store New York San Francisco Copenhagen Amsterdam New York Showroom ADDRESS 9606 North MoPac&hellip;<\/p>\n","protected":false},"author":1,"featured_media":0,"parent":0,"menu_order":0,"comment_status":"closed","ping_status":"closed","template":"templates\/full-screen.php","meta":{"footnotes":""},"class_list":["post-2568","page","type-page","status-publish","hentry"],"yoast_head":"<!-- This site is optimized with the Yoast SEO Premium plugin v27.4 (Yoast SEO v27.5) - https:\/\/yoast.com\/product\/yoast-seo-premium-wordpress\/ -->\n<title>Stores - Positivo Accesorios de Moda<\/title>\n<meta name=\"robots\" content=\"index, follow, max-snippet:-1, max-image-preview:large, max-video-preview:-1\" \/>\n<link rel=\"canonical\" href=\"https:\/\/positivoaccesorios.com.uy\/pb\/stores\/\" \/>\n<meta property=\"og:locale\" content=\"es_ES\" \/>\n<meta property=\"og:type\" content=\"article\" \/>\n<meta property=\"og:title\" content=\"Stores\" \/>\n<meta property=\"og:description\" content=\"Our Store New York San Francisco Copenhagen Amsterdam New York Showroom ADDRESS 9606 North MoPac&hellip;\" \/>\n<meta property=\"og:url\" content=\"https:\/\/positivoaccesorios.com.uy\/pb\/stores\/\" \/>\n<meta property=\"og:site_name\" content=\"Positivo Accesorios de Moda\" \/>\n<meta property=\"article:publisher\" content=\"https:\/\/web.facebook.com\/people\/Positivo-Accesorios\/61576469422995\/?_rdc=1&amp;_rdr#\" \/>\n<meta property=\"og:image\" content=\"https:\/\/positivoaccesorios.com.uy\/pb\/wp-content\/uploads\/2026\/04\/Positivo-Yoast.jpg\" \/>\n\t<meta property=\"og:image:width\" content=\"1200\" \/>\n\t<meta property=\"og:image:height\" content=\"800\" \/>\n\t<meta property=\"og:image:type\" content=\"image\/jpeg\" \/>\n<meta name=\"twitter:card\" content=\"summary_large_image\" \/>\n<meta name=\"twitter:label1\" content=\"Tiempo de lectura\" \/>\n\t<meta name=\"twitter:data1\" content=\"1 minuto\" \/>\n<script type=\"application\/ld+json\" class=\"yoast-schema-graph\">{\"@context\":\"https:\\\/\\\/schema.org\",\"@graph\":[{\"@type\":\"WebPage\",\"@id\":\"https:\\\/\\\/positivoaccesorios.com.uy\\\/pb\\\/stores\\\/\",\"url\":\"https:\\\/\\\/positivoaccesorios.com.uy\\\/pb\\\/stores\\\/\",\"name\":\"Stores - Positivo Accesorios de Moda\",\"isPartOf\":{\"@id\":\"https:\\\/\\\/positivoaccesorios.com.uy\\\/pb\\\/#website\"},\"datePublished\":\"2020-05-20T08:58:54+00:00\",\"breadcrumb\":{\"@id\":\"https:\\\/\\\/positivoaccesorios.com.uy\\\/pb\\\/stores\\\/#breadcrumb\"},\"inLanguage\":\"es\",\"potentialAction\":[{\"@type\":\"ReadAction\",\"target\":[\"https:\\\/\\\/positivoaccesorios.com.uy\\\/pb\\\/stores\\\/\"]}]},{\"@type\":\"BreadcrumbList\",\"@id\":\"https:\\\/\\\/positivoaccesorios.com.uy\\\/pb\\\/stores\\\/#breadcrumb\",\"itemListElement\":[{\"@type\":\"ListItem\",\"position\":1,\"name\":\"Portada\",\"item\":\"https:\\\/\\\/positivoaccesorios.com.uy\\\/pb\\\/\"},{\"@type\":\"ListItem\",\"position\":2,\"name\":\"Stores\"}]},{\"@type\":\"WebSite\",\"@id\":\"https:\\\/\\\/positivoaccesorios.com.uy\\\/pb\\\/#website\",\"url\":\"https:\\\/\\\/positivoaccesorios.com.uy\\\/pb\\\/\",\"name\":\"Positivo Accesorios de Moda\",\"description\":\"Tienda de accesorios de moda\",\"publisher\":{\"@id\":\"https:\\\/\\\/positivoaccesorios.com.uy\\\/pb\\\/#organization\"},\"alternateName\":\"Positivo Accesorios\",\"potentialAction\":[{\"@type\":\"SearchAction\",\"target\":{\"@type\":\"EntryPoint\",\"urlTemplate\":\"https:\\\/\\\/positivoaccesorios.com.uy\\\/pb\\\/?s={search_term_string}\"},\"query-input\":{\"@type\":\"PropertyValueSpecification\",\"valueRequired\":true,\"valueName\":\"search_term_string\"}}],\"inLanguage\":\"es\"},{\"@type\":\"Organization\",\"@id\":\"https:\\\/\\\/positivoaccesorios.com.uy\\\/pb\\\/#organization\",\"name\":\"Positivo Accesorios de Moda\",\"alternateName\":\"Positivo Bijou\",\"url\":\"https:\\\/\\\/positivoaccesorios.com.uy\\\/pb\\\/\",\"logo\":{\"@type\":\"ImageObject\",\"inLanguage\":\"es\",\"@id\":\"https:\\\/\\\/positivoaccesorios.com.uy\\\/pb\\\/#\\\/schema\\\/logo\\\/image\\\/\",\"url\":\"https:\\\/\\\/positivoaccesorios.com.uy\\\/pb\\\/wp-content\\\/uploads\\\/2025\\\/08\\\/Logo-Positivo-175x200-1.webp\",\"contentUrl\":\"https:\\\/\\\/positivoaccesorios.com.uy\\\/pb\\\/wp-content\\\/uploads\\\/2025\\\/08\\\/Logo-Positivo-175x200-1.webp\",\"width\":175,\"height\":85,\"caption\":\"Positivo Accesorios de Moda\"},\"image\":{\"@id\":\"https:\\\/\\\/positivoaccesorios.com.uy\\\/pb\\\/#\\\/schema\\\/logo\\\/image\\\/\"},\"sameAs\":[\"https:\\\/\\\/web.facebook.com\\\/people\\\/Positivo-Accesorios\\\/61576469422995\\\/?_rdc=1&_rdr#\",\"https:\\\/\\\/www.instagram.com\\\/positivobijou\"],\"description\":\"Somos una tienda especializada en accesorios de moda importados. Ofrecemos productos exclusivos con ventas por mayor y por menor, pensados para realzar tu estilo y acompa\u00f1ar cada ocasi\u00f3n. Descubr\u00ed nuestra amplia variedad de accesorios de calidad, dise\u00f1ados para quienes buscan tendencia, elegancia y precios competitivos.\",\"email\":\"positivobijou@gmail.com\",\"telephone\":\"2200 7696\",\"legalName\":\"Cerro del Potro S.A.\"}]}<\/script>\n<!-- \/ Yoast SEO Premium plugin. -->","yoast_head_json":{"title":"Stores - Positivo Accesorios de Moda","robots":{"index":"index","follow":"follow","max-snippet":"max-snippet:-1","max-image-preview":"max-image-preview:large","max-video-preview":"max-video-preview:-1"},"canonical":"https:\/\/positivoaccesorios.com.uy\/pb\/stores\/","og_locale":"es_ES","og_type":"article","og_title":"Stores","og_description":"Our Store New York San Francisco Copenhagen Amsterdam New York Showroom ADDRESS 9606 North MoPac&hellip;","og_url":"https:\/\/positivoaccesorios.com.uy\/pb\/stores\/","og_site_name":"Positivo Accesorios de Moda","article_publisher":"https:\/\/web.facebook.com\/people\/Positivo-Accesorios\/61576469422995\/?_rdc=1&_rdr#","og_image":[{"width":1200,"height":800,"url":"https:\/\/positivoaccesorios.com.uy\/pb\/wp-content\/uploads\/2026\/04\/Positivo-Yoast.jpg","type":"image\/jpeg"}],"twitter_card":"summary_large_image","twitter_misc":{"Tiempo de lectura":"1 minuto"},"schema":{"@context":"https:\/\/schema.org","@graph":[{"@type":"WebPage","@id":"https:\/\/positivoaccesorios.com.uy\/pb\/stores\/","url":"https:\/\/positivoaccesorios.com.uy\/pb\/stores\/","name":"Stores - Positivo Accesorios de Moda","isPartOf":{"@id":"https:\/\/positivoaccesorios.com.uy\/pb\/#website"},"datePublished":"2020-05-20T08:58:54+00:00","breadcrumb":{"@id":"https:\/\/positivoaccesorios.com.uy\/pb\/stores\/#breadcrumb"},"inLanguage":"es","potentialAction":[{"@type":"ReadAction","target":["https:\/\/positivoaccesorios.com.uy\/pb\/stores\/"]}]},{"@type":"BreadcrumbList","@id":"https:\/\/positivoaccesorios.com.uy\/pb\/stores\/#breadcrumb","itemListElement":[{"@type":"ListItem","position":1,"name":"Portada","item":"https:\/\/positivoaccesorios.com.uy\/pb\/"},{"@type":"ListItem","position":2,"name":"Stores"}]},{"@type":"WebSite","@id":"https:\/\/positivoaccesorios.com.uy\/pb\/#website","url":"https:\/\/positivoaccesorios.com.uy\/pb\/","name":"Positivo Accesorios de Moda","description":"Tienda de accesorios de moda","publisher":{"@id":"https:\/\/positivoaccesorios.com.uy\/pb\/#organization"},"alternateName":"Positivo Accesorios","potentialAction":[{"@type":"SearchAction","target":{"@type":"EntryPoint","urlTemplate":"https:\/\/positivoaccesorios.com.uy\/pb\/?s={search_term_string}"},"query-input":{"@type":"PropertyValueSpecification","valueRequired":true,"valueName":"search_term_string"}}],"inLanguage":"es"},{"@type":"Organization","@id":"https:\/\/positivoaccesorios.com.uy\/pb\/#organization","name":"Positivo Accesorios de Moda","alternateName":"Positivo Bijou","url":"https:\/\/positivoaccesorios.com.uy\/pb\/","logo":{"@type":"ImageObject","inLanguage":"es","@id":"https:\/\/positivoaccesorios.com.uy\/pb\/#\/schema\/logo\/image\/","url":"https:\/\/positivoaccesorios.com.uy\/pb\/wp-content\/uploads\/2025\/08\/Logo-Positivo-175x200-1.webp","contentUrl":"https:\/\/positivoaccesorios.com.uy\/pb\/wp-content\/uploads\/2025\/08\/Logo-Positivo-175x200-1.webp","width":175,"height":85,"caption":"Positivo Accesorios de Moda"},"image":{"@id":"https:\/\/positivoaccesorios.com.uy\/pb\/#\/schema\/logo\/image\/"},"sameAs":["https:\/\/web.facebook.com\/people\/Positivo-Accesorios\/61576469422995\/?_rdc=1&_rdr#","https:\/\/www.instagram.com\/positivobijou"],"description":"Somos una tienda especializada en accesorios de moda importados. Ofrecemos productos exclusivos con ventas por mayor y por menor, pensados para realzar tu estilo y acompa\u00f1ar cada ocasi\u00f3n. Descubr\u00ed nuestra amplia variedad de accesorios de calidad, dise\u00f1ados para quienes buscan tendencia, elegancia y precios competitivos.","email":"positivobijou@gmail.com","telephone":"2200 7696","legalName":"Cerro del Potro S.A."}]}},"_links":{"self":[{"href":"https:\/\/positivoaccesorios.com.uy\/pb\/wp-json\/wp\/v2\/pages\/2568","targetHints":{"allow":["GET"]}}],"collection":[{"href":"https:\/\/positivoaccesorios.com.uy\/pb\/wp-json\/wp\/v2\/pages"}],"about":[{"href":"https:\/\/positivoaccesorios.com.uy\/pb\/wp-json\/wp\/v2\/types\/page"}],"author":[{"embeddable":true,"href":"https:\/\/positivoaccesorios.com.uy\/pb\/wp-json\/wp\/v2\/users\/1"}],"replies":[{"embeddable":true,"href":"https:\/\/positivoaccesorios.com.uy\/pb\/wp-json\/wp\/v2\/comments?post=2568"}],"version-history":[{"count":0,"href":"https:\/\/positivoaccesorios.com.uy\/pb\/wp-json\/wp\/v2\/pages\/2568\/revisions"}],"wp:attachment":[{"href":"https:\/\/positivoaccesorios.com.uy\/pb\/wp-json\/wp\/v2\/media?parent=2568"}],"curies":[{"name":"wp","href":"https:\/\/api.w.org\/{rel}","templated":true}]}}