{"id":2564,"date":"2020-05-20T07:44:17","date_gmt":"2020-05-20T07:44:17","guid":{"rendered":"http:\/\/localhost\/test\/?page_id=2564"},"modified":"2020-05-20T07:44:17","modified_gmt":"2020-05-20T07:44:17","slug":"about-v2","status":"publish","type":"page","link":"https:\/\/positivoaccesorios.com.uy\/pb\/about-v2\/","title":{"rendered":"About v2"},"content":{"rendered":"\t\t<div data-elementor-type=\"wp-page\" data-elementor-id=\"2564\" class=\"elementor elementor-2564\" data-elementor-post-type=\"page\">\n\t\t\t\t\t\t<section class=\"elementor-section elementor-top-section elementor-element elementor-element-b4860ca elementor-section-height-full elementor-section-boxed elementor-section-height-default elementor-section-items-middle\" data-id=\"b4860ca\" data-element_type=\"section\" data-e-type=\"section\">\n\t\t\t\t\t\t<div class=\"elementor-container elementor-column-gap-default\">\n\t\t\t\t\t<div class=\"elementor-column elementor-col-50 elementor-top-column elementor-element elementor-element-110d28f\" data-id=\"110d28f\" data-element_type=\"column\" data-e-type=\"column\">\n\t\t\t<div class=\"elementor-widget-wrap elementor-element-populated\">\n\t\t\t\t\t\t<div class=\"elementor-element elementor-element-e31f68e elementor-widget elementor-widget-sober-section-heading\" data-id=\"e31f68e\" data-element_type=\"widget\" data-e-type=\"widget\" data-widget_type=\"sober-section-heading.default\">\n\t\t\t\t<div class=\"elementor-widget-container\">\n\t\t\t\t\t<h2 class=\"sober-section-heading sober-section-heading--large sober-section-header--align-left\"><span class=\"sober-section-heading__title\">About Me<\/span><\/h2>\t\t\t\t<\/div>\n\t\t\t\t<\/div>\n\t\t\t\t<div class=\"elementor-element elementor-element-2ff6e24 elementor-widget elementor-widget-text-editor\" data-id=\"2ff6e24\" data-element_type=\"widget\" data-e-type=\"widget\" data-widget_type=\"text-editor.default\">\n\t\t\t\t\t\t\t\t\tDuis aute irure dolor in reprehenderit in voluptate velit esse fugiat nulla pariatur.\t\t\t\t\t\t\t\t<\/div>\n\t\t\t\t<div class=\"elementor-element elementor-element-379ee90 elementor-widget elementor-widget-text-editor\" data-id=\"379ee90\" data-element_type=\"widget\" data-e-type=\"widget\" data-widget_type=\"text-editor.default\">\n\t\t\t\t\t\t\t\t\t<p><span style=\"text-decoration: underline; color: #23232c;\">Excepteur sint occaecat cupidatat non proident, sunt in culpa qui officia deserunt<\/span>\u00a0mollit anim id est laborum. Sed ut perspiciatis unde omnis iste natus error sit voluptatem accusantium doloremque laudantium, totam rem aperiam, eaque ipsa quae ab illo inventore veritatis et quasi architecto beatae vitae dicta sunt explicabo. Nemo enim ipsam voluptatem quia voluptas sit aspernatur aut odit aut fugit.<\/p>\t\t\t\t\t\t\t\t<\/div>\n\t\t\t\t<div class=\"elementor-element elementor-element-cf23ac7 elementor-widget elementor-widget-sober-section-heading\" data-id=\"cf23ac7\" data-element_type=\"widget\" data-e-type=\"widget\" data-widget_type=\"sober-section-heading.default\">\n\t\t\t\t<div class=\"elementor-widget-container\">\n\t\t\t\t\t<p class=\"sober-section-heading sober-section-heading--medium sober-section-header--align-left\"><span class=\"sober-section-heading__title\">Jessica Sober<\/span><\/p>\t\t\t\t<\/div>\n\t\t\t\t<\/div>\n\t\t\t\t\t<\/div>\n\t\t<\/div>\n\t\t\t\t<div class=\"elementor-column elementor-col-50 elementor-top-column elementor-element elementor-element-b042942\" data-id=\"b042942\" data-element_type=\"column\" data-e-type=\"column\">\n\t\t\t<div class=\"elementor-widget-wrap\">\n\t\t\t\t\t\t\t<\/div>\n\t\t<\/div>\n\t\t\t\t\t<\/div>\n\t\t<\/section>\n\t\t\t\t<\/div>\n\t\t","protected":false},"excerpt":{"rendered":"<p>About Me Duis aute irure dolor in reprehenderit in voluptate velit esse fugiat nulla pariatur.&hellip;<\/p>\n","protected":false},"author":1,"featured_media":0,"parent":0,"menu_order":0,"comment_status":"closed","ping_status":"closed","template":"templates\/full-screen.php","meta":{"footnotes":""},"class_list":["post-2564","page","type-page","status-publish","hentry"],"yoast_head":"<!-- This site is optimized with the Yoast SEO Premium plugin v27.4 (Yoast SEO v27.5) - https:\/\/yoast.com\/product\/yoast-seo-premium-wordpress\/ -->\n<title>About v2 - Positivo Accesorios de Moda<\/title>\n<meta name=\"robots\" content=\"index, follow, max-snippet:-1, max-image-preview:large, max-video-preview:-1\" \/>\n<link rel=\"canonical\" href=\"https:\/\/positivoaccesorios.com.uy\/pb\/about-v2\/\" \/>\n<meta property=\"og:locale\" content=\"es_ES\" \/>\n<meta property=\"og:type\" content=\"article\" \/>\n<meta property=\"og:title\" content=\"About v2\" \/>\n<meta property=\"og:description\" content=\"About Me Duis aute irure dolor in reprehenderit in voluptate velit esse fugiat nulla pariatur.&hellip;\" \/>\n<meta property=\"og:url\" content=\"https:\/\/positivoaccesorios.com.uy\/pb\/about-v2\/\" \/>\n<meta property=\"og:site_name\" content=\"Positivo Accesorios de Moda\" \/>\n<meta property=\"article:publisher\" content=\"https:\/\/web.facebook.com\/people\/Positivo-Accesorios\/61576469422995\/?_rdc=1&amp;_rdr#\" \/>\n<meta property=\"og:image\" content=\"https:\/\/positivoaccesorios.com.uy\/pb\/wp-content\/uploads\/2026\/04\/Positivo-Yoast.jpg\" \/>\n\t<meta property=\"og:image:width\" content=\"1200\" \/>\n\t<meta property=\"og:image:height\" content=\"800\" \/>\n\t<meta property=\"og:image:type\" content=\"image\/jpeg\" \/>\n<meta name=\"twitter:card\" content=\"summary_large_image\" \/>\n<script type=\"application\/ld+json\" class=\"yoast-schema-graph\">{\"@context\":\"https:\\\/\\\/schema.org\",\"@graph\":[{\"@type\":\"WebPage\",\"@id\":\"https:\\\/\\\/positivoaccesorios.com.uy\\\/pb\\\/about-v2\\\/\",\"url\":\"https:\\\/\\\/positivoaccesorios.com.uy\\\/pb\\\/about-v2\\\/\",\"name\":\"About v2 - Positivo Accesorios de Moda\",\"isPartOf\":{\"@id\":\"https:\\\/\\\/positivoaccesorios.com.uy\\\/pb\\\/#website\"},\"datePublished\":\"2020-05-20T07:44:17+00:00\",\"breadcrumb\":{\"@id\":\"https:\\\/\\\/positivoaccesorios.com.uy\\\/pb\\\/about-v2\\\/#breadcrumb\"},\"inLanguage\":\"es\",\"potentialAction\":[{\"@type\":\"ReadAction\",\"target\":[\"https:\\\/\\\/positivoaccesorios.com.uy\\\/pb\\\/about-v2\\\/\"]}]},{\"@type\":\"BreadcrumbList\",\"@id\":\"https:\\\/\\\/positivoaccesorios.com.uy\\\/pb\\\/about-v2\\\/#breadcrumb\",\"itemListElement\":[{\"@type\":\"ListItem\",\"position\":1,\"name\":\"Portada\",\"item\":\"https:\\\/\\\/positivoaccesorios.com.uy\\\/pb\\\/\"},{\"@type\":\"ListItem\",\"position\":2,\"name\":\"About v2\"}]},{\"@type\":\"WebSite\",\"@id\":\"https:\\\/\\\/positivoaccesorios.com.uy\\\/pb\\\/#website\",\"url\":\"https:\\\/\\\/positivoaccesorios.com.uy\\\/pb\\\/\",\"name\":\"Positivo Accesorios de Moda\",\"description\":\"Tienda de accesorios de moda\",\"publisher\":{\"@id\":\"https:\\\/\\\/positivoaccesorios.com.uy\\\/pb\\\/#organization\"},\"alternateName\":\"Positivo Accesorios\",\"potentialAction\":[{\"@type\":\"SearchAction\",\"target\":{\"@type\":\"EntryPoint\",\"urlTemplate\":\"https:\\\/\\\/positivoaccesorios.com.uy\\\/pb\\\/?s={search_term_string}\"},\"query-input\":{\"@type\":\"PropertyValueSpecification\",\"valueRequired\":true,\"valueName\":\"search_term_string\"}}],\"inLanguage\":\"es\"},{\"@type\":\"Organization\",\"@id\":\"https:\\\/\\\/positivoaccesorios.com.uy\\\/pb\\\/#organization\",\"name\":\"Positivo Accesorios de Moda\",\"alternateName\":\"Positivo Bijou\",\"url\":\"https:\\\/\\\/positivoaccesorios.com.uy\\\/pb\\\/\",\"logo\":{\"@type\":\"ImageObject\",\"inLanguage\":\"es\",\"@id\":\"https:\\\/\\\/positivoaccesorios.com.uy\\\/pb\\\/#\\\/schema\\\/logo\\\/image\\\/\",\"url\":\"https:\\\/\\\/positivoaccesorios.com.uy\\\/pb\\\/wp-content\\\/uploads\\\/2025\\\/08\\\/Logo-Positivo-175x200-1.webp\",\"contentUrl\":\"https:\\\/\\\/positivoaccesorios.com.uy\\\/pb\\\/wp-content\\\/uploads\\\/2025\\\/08\\\/Logo-Positivo-175x200-1.webp\",\"width\":175,\"height\":85,\"caption\":\"Positivo Accesorios de Moda\"},\"image\":{\"@id\":\"https:\\\/\\\/positivoaccesorios.com.uy\\\/pb\\\/#\\\/schema\\\/logo\\\/image\\\/\"},\"sameAs\":[\"https:\\\/\\\/web.facebook.com\\\/people\\\/Positivo-Accesorios\\\/61576469422995\\\/?_rdc=1&_rdr#\",\"https:\\\/\\\/www.instagram.com\\\/positivobijou\"],\"description\":\"Somos una tienda especializada en accesorios de moda importados. Ofrecemos productos exclusivos con ventas por mayor y por menor, pensados para realzar tu estilo y acompa\u00f1ar cada ocasi\u00f3n. Descubr\u00ed nuestra amplia variedad de accesorios de calidad, dise\u00f1ados para quienes buscan tendencia, elegancia y precios competitivos.\",\"email\":\"positivobijou@gmail.com\",\"telephone\":\"2200 7696\",\"legalName\":\"Cerro del Potro S.A.\"}]}<\/script>\n<!-- \/ Yoast SEO Premium plugin. -->","yoast_head_json":{"title":"About v2 - Positivo Accesorios de Moda","robots":{"index":"index","follow":"follow","max-snippet":"max-snippet:-1","max-image-preview":"max-image-preview:large","max-video-preview":"max-video-preview:-1"},"canonical":"https:\/\/positivoaccesorios.com.uy\/pb\/about-v2\/","og_locale":"es_ES","og_type":"article","og_title":"About v2","og_description":"About Me Duis aute irure dolor in reprehenderit in voluptate velit esse fugiat nulla pariatur.&hellip;","og_url":"https:\/\/positivoaccesorios.com.uy\/pb\/about-v2\/","og_site_name":"Positivo Accesorios de Moda","article_publisher":"https:\/\/web.facebook.com\/people\/Positivo-Accesorios\/61576469422995\/?_rdc=1&_rdr#","og_image":[{"width":1200,"height":800,"url":"https:\/\/positivoaccesorios.com.uy\/pb\/wp-content\/uploads\/2026\/04\/Positivo-Yoast.jpg","type":"image\/jpeg"}],"twitter_card":"summary_large_image","schema":{"@context":"https:\/\/schema.org","@graph":[{"@type":"WebPage","@id":"https:\/\/positivoaccesorios.com.uy\/pb\/about-v2\/","url":"https:\/\/positivoaccesorios.com.uy\/pb\/about-v2\/","name":"About v2 - Positivo Accesorios de Moda","isPartOf":{"@id":"https:\/\/positivoaccesorios.com.uy\/pb\/#website"},"datePublished":"2020-05-20T07:44:17+00:00","breadcrumb":{"@id":"https:\/\/positivoaccesorios.com.uy\/pb\/about-v2\/#breadcrumb"},"inLanguage":"es","potentialAction":[{"@type":"ReadAction","target":["https:\/\/positivoaccesorios.com.uy\/pb\/about-v2\/"]}]},{"@type":"BreadcrumbList","@id":"https:\/\/positivoaccesorios.com.uy\/pb\/about-v2\/#breadcrumb","itemListElement":[{"@type":"ListItem","position":1,"name":"Portada","item":"https:\/\/positivoaccesorios.com.uy\/pb\/"},{"@type":"ListItem","position":2,"name":"About v2"}]},{"@type":"WebSite","@id":"https:\/\/positivoaccesorios.com.uy\/pb\/#website","url":"https:\/\/positivoaccesorios.com.uy\/pb\/","name":"Positivo Accesorios de Moda","description":"Tienda de accesorios de moda","publisher":{"@id":"https:\/\/positivoaccesorios.com.uy\/pb\/#organization"},"alternateName":"Positivo Accesorios","potentialAction":[{"@type":"SearchAction","target":{"@type":"EntryPoint","urlTemplate":"https:\/\/positivoaccesorios.com.uy\/pb\/?s={search_term_string}"},"query-input":{"@type":"PropertyValueSpecification","valueRequired":true,"valueName":"search_term_string"}}],"inLanguage":"es"},{"@type":"Organization","@id":"https:\/\/positivoaccesorios.com.uy\/pb\/#organization","name":"Positivo Accesorios de Moda","alternateName":"Positivo Bijou","url":"https:\/\/positivoaccesorios.com.uy\/pb\/","logo":{"@type":"ImageObject","inLanguage":"es","@id":"https:\/\/positivoaccesorios.com.uy\/pb\/#\/schema\/logo\/image\/","url":"https:\/\/positivoaccesorios.com.uy\/pb\/wp-content\/uploads\/2025\/08\/Logo-Positivo-175x200-1.webp","contentUrl":"https:\/\/positivoaccesorios.com.uy\/pb\/wp-content\/uploads\/2025\/08\/Logo-Positivo-175x200-1.webp","width":175,"height":85,"caption":"Positivo Accesorios de Moda"},"image":{"@id":"https:\/\/positivoaccesorios.com.uy\/pb\/#\/schema\/logo\/image\/"},"sameAs":["https:\/\/web.facebook.com\/people\/Positivo-Accesorios\/61576469422995\/?_rdc=1&_rdr#","https:\/\/www.instagram.com\/positivobijou"],"description":"Somos una tienda especializada en accesorios de moda importados. Ofrecemos productos exclusivos con ventas por mayor y por menor, pensados para realzar tu estilo y acompa\u00f1ar cada ocasi\u00f3n. Descubr\u00ed nuestra amplia variedad de accesorios de calidad, dise\u00f1ados para quienes buscan tendencia, elegancia y precios competitivos.","email":"positivobijou@gmail.com","telephone":"2200 7696","legalName":"Cerro del Potro S.A."}]}},"_links":{"self":[{"href":"https:\/\/positivoaccesorios.com.uy\/pb\/wp-json\/wp\/v2\/pages\/2564","targetHints":{"allow":["GET"]}}],"collection":[{"href":"https:\/\/positivoaccesorios.com.uy\/pb\/wp-json\/wp\/v2\/pages"}],"about":[{"href":"https:\/\/positivoaccesorios.com.uy\/pb\/wp-json\/wp\/v2\/types\/page"}],"author":[{"embeddable":true,"href":"https:\/\/positivoaccesorios.com.uy\/pb\/wp-json\/wp\/v2\/users\/1"}],"replies":[{"embeddable":true,"href":"https:\/\/positivoaccesorios.com.uy\/pb\/wp-json\/wp\/v2\/comments?post=2564"}],"version-history":[{"count":0,"href":"https:\/\/positivoaccesorios.com.uy\/pb\/wp-json\/wp\/v2\/pages\/2564\/revisions"}],"wp:attachment":[{"href":"https:\/\/positivoaccesorios.com.uy\/pb\/wp-json\/wp\/v2\/media?parent=2564"}],"curies":[{"name":"wp","href":"https:\/\/api.w.org\/{rel}","templated":true}]}}