{"id":2454,"date":"2016-07-27T02:04:28","date_gmt":"2016-07-27T02:04:28","guid":{"rendered":"http:\/\/demo.uix.store\/sober\/my-account\/"},"modified":"2016-07-27T02:04:28","modified_gmt":"2016-07-27T02:04:28","slug":"my-account-2","status":"publish","type":"page","link":"https:\/\/positivoaccesorios.com.uy\/pb\/my-account-2\/","title":{"rendered":"My Account"},"content":{"rendered":"<div class=\"woocommerce\"><\/div>\n","protected":false},"excerpt":{"rendered":"","protected":false},"author":1,"featured_media":0,"parent":0,"menu_order":0,"comment_status":"closed","ping_status":"closed","template":"","meta":{"footnotes":""},"class_list":["post-2454","page","type-page","status-publish","hentry"],"yoast_head":"<!-- This site is optimized with the Yoast SEO Premium plugin v27.4 (Yoast SEO v27.5) - https:\/\/yoast.com\/product\/yoast-seo-premium-wordpress\/ -->\n<title>My Account - Positivo Accesorios de Moda<\/title>\n<meta name=\"robots\" content=\"index, follow, max-snippet:-1, max-image-preview:large, max-video-preview:-1\" \/>\n<link rel=\"canonical\" href=\"https:\/\/positivoaccesorios.com.uy\/pb\/my-account-2\/\" \/>\n<meta property=\"og:locale\" content=\"es_ES\" \/>\n<meta property=\"og:type\" content=\"article\" \/>\n<meta property=\"og:title\" content=\"My Account\" \/>\n<meta property=\"og:url\" content=\"https:\/\/positivoaccesorios.com.uy\/pb\/my-account-2\/\" \/>\n<meta property=\"og:site_name\" content=\"Positivo Accesorios de Moda\" \/>\n<meta property=\"article:publisher\" content=\"https:\/\/web.facebook.com\/people\/Positivo-Accesorios\/61576469422995\/?_rdc=1&amp;_rdr#\" \/>\n<meta property=\"og:image\" content=\"https:\/\/positivoaccesorios.com.uy\/pb\/wp-content\/uploads\/2026\/04\/Positivo-Yoast.jpg\" \/>\n\t<meta property=\"og:image:width\" content=\"1200\" \/>\n\t<meta property=\"og:image:height\" content=\"800\" \/>\n\t<meta property=\"og:image:type\" content=\"image\/jpeg\" \/>\n<meta name=\"twitter:card\" content=\"summary_large_image\" \/>\n<script type=\"application\/ld+json\" class=\"yoast-schema-graph\">{\"@context\":\"https:\\\/\\\/schema.org\",\"@graph\":[{\"@type\":\"WebPage\",\"@id\":\"https:\\\/\\\/positivoaccesorios.com.uy\\\/pb\\\/my-account-2\\\/\",\"url\":\"https:\\\/\\\/positivoaccesorios.com.uy\\\/pb\\\/my-account-2\\\/\",\"name\":\"My Account - Positivo Accesorios de Moda\",\"isPartOf\":{\"@id\":\"https:\\\/\\\/positivoaccesorios.com.uy\\\/pb\\\/#website\"},\"datePublished\":\"2016-07-27T02:04:28+00:00\",\"breadcrumb\":{\"@id\":\"https:\\\/\\\/positivoaccesorios.com.uy\\\/pb\\\/my-account-2\\\/#breadcrumb\"},\"inLanguage\":\"es\",\"potentialAction\":[{\"@type\":\"ReadAction\",\"target\":[\"https:\\\/\\\/positivoaccesorios.com.uy\\\/pb\\\/my-account-2\\\/\"]}]},{\"@type\":\"BreadcrumbList\",\"@id\":\"https:\\\/\\\/positivoaccesorios.com.uy\\\/pb\\\/my-account-2\\\/#breadcrumb\",\"itemListElement\":[{\"@type\":\"ListItem\",\"position\":1,\"name\":\"Portada\",\"item\":\"https:\\\/\\\/positivoaccesorios.com.uy\\\/pb\\\/\"},{\"@type\":\"ListItem\",\"position\":2,\"name\":\"My Account\"}]},{\"@type\":\"WebSite\",\"@id\":\"https:\\\/\\\/positivoaccesorios.com.uy\\\/pb\\\/#website\",\"url\":\"https:\\\/\\\/positivoaccesorios.com.uy\\\/pb\\\/\",\"name\":\"Positivo Accesorios de Moda\",\"description\":\"Tienda de accesorios de moda\",\"publisher\":{\"@id\":\"https:\\\/\\\/positivoaccesorios.com.uy\\\/pb\\\/#organization\"},\"alternateName\":\"Positivo Accesorios\",\"potentialAction\":[{\"@type\":\"SearchAction\",\"target\":{\"@type\":\"EntryPoint\",\"urlTemplate\":\"https:\\\/\\\/positivoaccesorios.com.uy\\\/pb\\\/?s={search_term_string}\"},\"query-input\":{\"@type\":\"PropertyValueSpecification\",\"valueRequired\":true,\"valueName\":\"search_term_string\"}}],\"inLanguage\":\"es\"},{\"@type\":\"Organization\",\"@id\":\"https:\\\/\\\/positivoaccesorios.com.uy\\\/pb\\\/#organization\",\"name\":\"Positivo Accesorios de Moda\",\"alternateName\":\"Positivo Bijou\",\"url\":\"https:\\\/\\\/positivoaccesorios.com.uy\\\/pb\\\/\",\"logo\":{\"@type\":\"ImageObject\",\"inLanguage\":\"es\",\"@id\":\"https:\\\/\\\/positivoaccesorios.com.uy\\\/pb\\\/#\\\/schema\\\/logo\\\/image\\\/\",\"url\":\"https:\\\/\\\/positivoaccesorios.com.uy\\\/pb\\\/wp-content\\\/uploads\\\/2025\\\/08\\\/Logo-Positivo-175x200-1.webp\",\"contentUrl\":\"https:\\\/\\\/positivoaccesorios.com.uy\\\/pb\\\/wp-content\\\/uploads\\\/2025\\\/08\\\/Logo-Positivo-175x200-1.webp\",\"width\":175,\"height\":85,\"caption\":\"Positivo Accesorios de Moda\"},\"image\":{\"@id\":\"https:\\\/\\\/positivoaccesorios.com.uy\\\/pb\\\/#\\\/schema\\\/logo\\\/image\\\/\"},\"sameAs\":[\"https:\\\/\\\/web.facebook.com\\\/people\\\/Positivo-Accesorios\\\/61576469422995\\\/?_rdc=1&_rdr#\",\"https:\\\/\\\/www.instagram.com\\\/positivobijou\"],\"description\":\"Somos una tienda especializada en accesorios de moda importados. Ofrecemos productos exclusivos con ventas por mayor y por menor, pensados para realzar tu estilo y acompa\u00f1ar cada ocasi\u00f3n. Descubr\u00ed nuestra amplia variedad de accesorios de calidad, dise\u00f1ados para quienes buscan tendencia, elegancia y precios competitivos.\",\"email\":\"positivobijou@gmail.com\",\"telephone\":\"2200 7696\",\"legalName\":\"Cerro del Potro S.A.\"}]}<\/script>\n<!-- \/ Yoast SEO Premium plugin. -->","yoast_head_json":{"title":"My Account - Positivo Accesorios de Moda","robots":{"index":"index","follow":"follow","max-snippet":"max-snippet:-1","max-image-preview":"max-image-preview:large","max-video-preview":"max-video-preview:-1"},"canonical":"https:\/\/positivoaccesorios.com.uy\/pb\/my-account-2\/","og_locale":"es_ES","og_type":"article","og_title":"My Account","og_url":"https:\/\/positivoaccesorios.com.uy\/pb\/my-account-2\/","og_site_name":"Positivo Accesorios de Moda","article_publisher":"https:\/\/web.facebook.com\/people\/Positivo-Accesorios\/61576469422995\/?_rdc=1&_rdr#","og_image":[{"width":1200,"height":800,"url":"https:\/\/positivoaccesorios.com.uy\/pb\/wp-content\/uploads\/2026\/04\/Positivo-Yoast.jpg","type":"image\/jpeg"}],"twitter_card":"summary_large_image","schema":{"@context":"https:\/\/schema.org","@graph":[{"@type":"WebPage","@id":"https:\/\/positivoaccesorios.com.uy\/pb\/my-account-2\/","url":"https:\/\/positivoaccesorios.com.uy\/pb\/my-account-2\/","name":"My Account - Positivo Accesorios de Moda","isPartOf":{"@id":"https:\/\/positivoaccesorios.com.uy\/pb\/#website"},"datePublished":"2016-07-27T02:04:28+00:00","breadcrumb":{"@id":"https:\/\/positivoaccesorios.com.uy\/pb\/my-account-2\/#breadcrumb"},"inLanguage":"es","potentialAction":[{"@type":"ReadAction","target":["https:\/\/positivoaccesorios.com.uy\/pb\/my-account-2\/"]}]},{"@type":"BreadcrumbList","@id":"https:\/\/positivoaccesorios.com.uy\/pb\/my-account-2\/#breadcrumb","itemListElement":[{"@type":"ListItem","position":1,"name":"Portada","item":"https:\/\/positivoaccesorios.com.uy\/pb\/"},{"@type":"ListItem","position":2,"name":"My Account"}]},{"@type":"WebSite","@id":"https:\/\/positivoaccesorios.com.uy\/pb\/#website","url":"https:\/\/positivoaccesorios.com.uy\/pb\/","name":"Positivo Accesorios de Moda","description":"Tienda de accesorios de moda","publisher":{"@id":"https:\/\/positivoaccesorios.com.uy\/pb\/#organization"},"alternateName":"Positivo Accesorios","potentialAction":[{"@type":"SearchAction","target":{"@type":"EntryPoint","urlTemplate":"https:\/\/positivoaccesorios.com.uy\/pb\/?s={search_term_string}"},"query-input":{"@type":"PropertyValueSpecification","valueRequired":true,"valueName":"search_term_string"}}],"inLanguage":"es"},{"@type":"Organization","@id":"https:\/\/positivoaccesorios.com.uy\/pb\/#organization","name":"Positivo Accesorios de Moda","alternateName":"Positivo Bijou","url":"https:\/\/positivoaccesorios.com.uy\/pb\/","logo":{"@type":"ImageObject","inLanguage":"es","@id":"https:\/\/positivoaccesorios.com.uy\/pb\/#\/schema\/logo\/image\/","url":"https:\/\/positivoaccesorios.com.uy\/pb\/wp-content\/uploads\/2025\/08\/Logo-Positivo-175x200-1.webp","contentUrl":"https:\/\/positivoaccesorios.com.uy\/pb\/wp-content\/uploads\/2025\/08\/Logo-Positivo-175x200-1.webp","width":175,"height":85,"caption":"Positivo Accesorios de Moda"},"image":{"@id":"https:\/\/positivoaccesorios.com.uy\/pb\/#\/schema\/logo\/image\/"},"sameAs":["https:\/\/web.facebook.com\/people\/Positivo-Accesorios\/61576469422995\/?_rdc=1&_rdr#","https:\/\/www.instagram.com\/positivobijou"],"description":"Somos una tienda especializada en accesorios de moda importados. Ofrecemos productos exclusivos con ventas por mayor y por menor, pensados para realzar tu estilo y acompa\u00f1ar cada ocasi\u00f3n. Descubr\u00ed nuestra amplia variedad de accesorios de calidad, dise\u00f1ados para quienes buscan tendencia, elegancia y precios competitivos.","email":"positivobijou@gmail.com","telephone":"2200 7696","legalName":"Cerro del Potro S.A."}]}},"_links":{"self":[{"href":"https:\/\/positivoaccesorios.com.uy\/pb\/wp-json\/wp\/v2\/pages\/2454","targetHints":{"allow":["GET"]}}],"collection":[{"href":"https:\/\/positivoaccesorios.com.uy\/pb\/wp-json\/wp\/v2\/pages"}],"about":[{"href":"https:\/\/positivoaccesorios.com.uy\/pb\/wp-json\/wp\/v2\/types\/page"}],"author":[{"embeddable":true,"href":"https:\/\/positivoaccesorios.com.uy\/pb\/wp-json\/wp\/v2\/users\/1"}],"replies":[{"embeddable":true,"href":"https:\/\/positivoaccesorios.com.uy\/pb\/wp-json\/wp\/v2\/comments?post=2454"}],"version-history":[{"count":0,"href":"https:\/\/positivoaccesorios.com.uy\/pb\/wp-json\/wp\/v2\/pages\/2454\/revisions"}],"wp:attachment":[{"href":"https:\/\/positivoaccesorios.com.uy\/pb\/wp-json\/wp\/v2\/media?parent=2454"}],"curies":[{"name":"wp","href":"https:\/\/api.w.org\/{rel}","templated":true}]}}