{"id":10795,"date":"2026-04-17T02:18:55","date_gmt":"2026-04-17T02:18:55","guid":{"rendered":"https:\/\/positivoaccesorios.com.uy\/pb\/?page_id=10795"},"modified":"2026-04-17T14:19:45","modified_gmt":"2026-04-17T14:19:45","slug":"catalogo","status":"publish","type":"page","link":"https:\/\/positivoaccesorios.com.uy\/pb\/catalogo\/","title":{"rendered":"Catalogo"},"content":{"rendered":"\t\t<div data-elementor-type=\"wp-page\" data-elementor-id=\"10795\" class=\"elementor elementor-10795\" data-elementor-post-type=\"page\">\n\t\t\t\t<div class=\"elementor-element elementor-element-e6a9c66 e-flex e-con-boxed e-con e-parent\" data-id=\"e6a9c66\" data-element_type=\"container\" data-e-type=\"container\">\n\t\t\t\t\t<div class=\"e-con-inner\">\n\t\t\t\t<div class=\"elementor-element elementor-element-91dfee1 elementor-widget elementor-widget-text-editor\" data-id=\"91dfee1\" data-element_type=\"widget\" data-e-type=\"widget\" data-widget_type=\"text-editor.default\">\n\t\t\t\t\t\t\t\t\t<p>Usted puede generar y descargar el Cat\u00e1logo Parcial de nuestros productos.<\/p>\t\t\t\t\t\t\t\t<\/div>\n\t\t\t\t\t<\/div>\n\t\t\t\t<\/div>\n\t\t<div class=\"elementor-element elementor-element-5ef692e e-con-full e-flex e-con e-parent\" data-id=\"5ef692e\" data-element_type=\"container\" data-e-type=\"container\">\n\t\t<div class=\"elementor-element elementor-element-7a50cdb e-con-full e-flex e-con e-child\" data-id=\"7a50cdb\" data-element_type=\"container\" data-e-type=\"container\">\n\t\t<div class=\"elementor-element elementor-element-ae5c8f3 e-grid e-con-full e-con e-child\" data-id=\"ae5c8f3\" data-element_type=\"container\" data-e-type=\"container\">\n\t\t\t\t<div class=\"elementor-element elementor-element-6a17c75 elementor-widget elementor-widget-text-editor\" data-id=\"6a17c75\" data-element_type=\"widget\" data-e-type=\"widget\" data-widget_type=\"text-editor.default\">\n\t\t\t\t\t\t\t\t\t<h4>CAT\u00c1LOGO PARCIAL<\/h4><p><strong>(Seleccione una categor\u00eda)<\/strong><\/p><p>La generaci\u00f3n del cat\u00e1logo puede demorar algunos minutos, dependiendo de la cantidad de productos y a la velocidad de su conexi\u00f3n a internet.<\/p>\t\t\t\t\t\t\t\t<\/div>\n\t\t\t\t<div class=\"elementor-element elementor-element-8d3eea7 elementor-widget elementor-widget-shortcode\" data-id=\"8d3eea7\" data-element_type=\"widget\" data-e-type=\"widget\" data-widget_type=\"shortcode.default\">\n\t\t\t\t\t\t\t<div class=\"elementor-shortcode\"><form target=\"_blank\" class=\"woocommerce-pdf-catalog-builder woocommerce-pdf-catalog-builder-auto-select-subcategories-yes\" method=\"GET\" action=\"https:\/\/positivoaccesorios.com.uy\/pb\/wp-json\/wp\/v2\/pages\/10795\">\n\t\t<input type=\"hidden\" name=\"pdf-catalog\" value=\"multiple\"><div class=\"woocommerce-pdf-catalog-builder-select-container woocommerce-pdf-catalog-builder-select-categories-container\">\n\t\t\t\t\t<label for=\"woocommerce-pdf-catalog-select2-categories\">Categorias<\/label>\n\t\t\t\t\t<select class=\"woocommerce-pdf-catalog-select2 woocommerce-pdf-catalog-select2-categories\" multiple name=\"categories[]\" id=\"woocommerce-pdf-catalog-select2-categories\"><\/select>\n\t\t\t\t\t\n\t\t\t\t<\/div><button type=\"submit\" class=\"btn button btn-default woocommerce-pdf-catalog-generate-catalog-button\" formtarget=\"_blank\">Crear Cat\u00e1logo (PDF)<\/button><\/form>\n<\/div>\n\t\t\t\t\t\t<\/div>\n\t\t\t\t<\/div>\n\t\t\t\t<\/div>\n\t\t<div class=\"elementor-element elementor-element-ae38f4a e-con-full e-flex e-con e-child\" data-id=\"ae38f4a\" data-element_type=\"container\" data-e-type=\"container\">\n\t\t\t\t<div class=\"elementor-element elementor-element-9990b1d elementor-widget elementor-widget-image\" data-id=\"9990b1d\" data-element_type=\"widget\" data-e-type=\"widget\" data-widget_type=\"image.default\">\n\t\t\t\t\t\t\t\t\t\t\t\t\t\t\t<img decoding=\"async\" src=\"https:\/\/positivoaccesorios.com.uy\/pb\/wp-content\/uploads\/elementor\/thumbs\/Portada-catalogo-parcial-rm51fk5ys46sky8aod4fgx6codkrxd2ixqwc17483o.jpg\" title=\"Portada cat\u00e1logo parcial\" alt=\"Portada cat\u00e1logo parcial\" loading=\"lazy\" \/>\t\t\t\t\t\t\t\t\t\t\t\t\t\t\t<\/div>\n\t\t\t\t<\/div>\n\t\t\t\t<\/div>\n\t\t<div class=\"elementor-element elementor-element-c520fd6 e-con-full elementor-hidden-desktop elementor-hidden-tablet elementor-hidden-mobile e-flex e-con e-parent\" data-id=\"c520fd6\" data-element_type=\"container\" data-e-type=\"container\">\n\t\t<div class=\"elementor-element elementor-element-209e1ce e-con-full e-flex e-con e-child\" data-id=\"209e1ce\" data-element_type=\"container\" data-e-type=\"container\">\n\t\t<div class=\"elementor-element elementor-element-19becb8 e-grid e-con-full e-con e-child\" data-id=\"19becb8\" data-element_type=\"container\" data-e-type=\"container\">\n\t\t\t\t<div class=\"elementor-element elementor-element-1061b30 elementor-widget elementor-widget-text-editor\" data-id=\"1061b30\" data-element_type=\"widget\" data-e-type=\"widget\" data-widget_type=\"text-editor.default\">\n\t\t\t\t\t\t\t\t\t<h4>CAT\u00c1LOGO COMPLETO<\/h4><p>La generaci\u00f3n del cat\u00e1logo completo puede demorar algunos minutos, debido a la gran cantidad de productos disponibles en nuestra tienda y a la velocidad de su conexi\u00f3n a internet.<\/p>\t\t\t\t\t\t\t\t<\/div>\n\t\t\t\t<div class=\"elementor-element elementor-element-3c95080 elementor-widget elementor-widget-shortcode\" data-id=\"3c95080\" data-element_type=\"widget\" data-e-type=\"widget\" data-widget_type=\"shortcode.default\">\n\t\t\t\t\t\t\t<div class=\"elementor-shortcode\"><a href=\"https:\/\/positivoaccesorios.com.uy\/pb\/wp-json\/wp\/v2\/pages\/10795?pdf-catalog=full\" class=\"woocommerce-pdf-catalog-button woocommerce_pdf_catalog_button button alt  woocommerce_pdf_catalog_button_full\" target=\"_blank\"><i class=\"fa fa-file-pdf fa-1x \"><\/i>  Generar Cat\u00e1logo completo de productos (PDF)<\/a>\n<\/div>\n\t\t\t\t\t\t<\/div>\n\t\t\t\t<\/div>\n\t\t\t\t<\/div>\n\t\t<div class=\"elementor-element elementor-element-b577907 e-con-full e-flex e-con e-child\" data-id=\"b577907\" data-element_type=\"container\" data-e-type=\"container\">\n\t\t\t\t<div class=\"elementor-element elementor-element-3a5ef2d elementor-widget elementor-widget-image\" data-id=\"3a5ef2d\" data-element_type=\"widget\" data-e-type=\"widget\" data-widget_type=\"image.default\">\n\t\t\t\t\t\t\t\t\t\t\t\t\t\t\t<img decoding=\"async\" src=\"https:\/\/positivoaccesorios.com.uy\/pb\/wp-content\/uploads\/elementor\/thumbs\/Portada-catalogo-1-rm52snajonduvuxg1kz1oj8xgrmtwbxwcpd69ec35w.jpg\" title=\"Portada cat\u00e1logo\" alt=\"Portada cat\u00e1logo\" loading=\"lazy\" \/>\t\t\t\t\t\t\t\t\t\t\t\t\t\t\t<\/div>\n\t\t\t\t<\/div>\n\t\t\t\t<\/div>\n\t\t\t\t<\/div>\n\t\t","protected":false},"excerpt":{"rendered":"<p>Usted puede generar y descargar el Cat\u00e1logo Parcial de nuestros productos. CAT\u00c1LOGO PARCIAL (Seleccione una&hellip;<\/p>\n","protected":false},"author":1,"featured_media":0,"parent":0,"menu_order":0,"comment_status":"closed","ping_status":"closed","template":"","meta":{"footnotes":""},"class_list":["post-10795","page","type-page","status-publish","hentry"],"yoast_head":"<!-- This site is optimized with the Yoast SEO plugin v27.4 - https:\/\/yoast.com\/product\/yoast-seo-wordpress\/ -->\n<title>Catalogo - Positivo Accesorios de Moda<\/title>\n<meta name=\"robots\" content=\"index, follow, max-snippet:-1, max-image-preview:large, max-video-preview:-1\" \/>\n<link rel=\"canonical\" href=\"https:\/\/positivoaccesorios.com.uy\/pb\/catalogo\/\" \/>\n<meta property=\"og:locale\" content=\"es_ES\" \/>\n<meta property=\"og:type\" content=\"article\" \/>\n<meta property=\"og:title\" content=\"Catalogo - Positivo Accesorios de Moda\" \/>\n<meta property=\"og:description\" content=\"Usted puede generar y descargar el Cat\u00e1logo Parcial de nuestros productos. CAT\u00c1LOGO PARCIAL (Seleccione una&hellip;\" \/>\n<meta property=\"og:url\" content=\"https:\/\/positivoaccesorios.com.uy\/pb\/catalogo\/\" \/>\n<meta property=\"og:site_name\" content=\"Positivo Accesorios de Moda\" \/>\n<meta property=\"article:publisher\" content=\"https:\/\/web.facebook.com\/people\/Positivo-Accesorios\/61576469422995\/?_rdc=1&amp;_rdr#\" \/>\n<meta property=\"article:modified_time\" content=\"2026-04-17T14:19:45+00:00\" \/>\n<meta property=\"og:image\" content=\"https:\/\/positivoaccesorios.com.uy\/pb\/wp-content\/uploads\/elementor\/thumbs\/Portada-catalogo-parcial-rm51fk5ys46sky8aod4fgx6codkrxd2ixqwc17483y.jpg\" \/>\n<meta name=\"twitter:card\" content=\"summary_large_image\" \/>\n<meta name=\"twitter:label1\" content=\"Tiempo de lectura\" \/>\n\t<meta name=\"twitter:data1\" content=\"1 minuto\" \/>\n<script type=\"application\/ld+json\" class=\"yoast-schema-graph\">{\"@context\":\"https:\\\/\\\/schema.org\",\"@graph\":[{\"@type\":\"WebPage\",\"@id\":\"https:\\\/\\\/positivoaccesorios.com.uy\\\/pb\\\/catalogo\\\/\",\"url\":\"https:\\\/\\\/positivoaccesorios.com.uy\\\/pb\\\/catalogo\\\/\",\"name\":\"Catalogo - Positivo Accesorios de Moda\",\"isPartOf\":{\"@id\":\"https:\\\/\\\/positivoaccesorios.com.uy\\\/pb\\\/#website\"},\"primaryImageOfPage\":{\"@id\":\"https:\\\/\\\/positivoaccesorios.com.uy\\\/pb\\\/catalogo\\\/#primaryimage\"},\"image\":{\"@id\":\"https:\\\/\\\/positivoaccesorios.com.uy\\\/pb\\\/catalogo\\\/#primaryimage\"},\"thumbnailUrl\":\"https:\\\/\\\/positivoaccesorios.com.uy\\\/pb\\\/wp-content\\\/uploads\\\/elementor\\\/thumbs\\\/Portada-catalogo-parcial-rm51fk5ys46sky8aod4fgx6codkrxd2ixqwc17483y.jpg\",\"datePublished\":\"2026-04-17T02:18:55+00:00\",\"dateModified\":\"2026-04-17T14:19:45+00:00\",\"breadcrumb\":{\"@id\":\"https:\\\/\\\/positivoaccesorios.com.uy\\\/pb\\\/catalogo\\\/#breadcrumb\"},\"inLanguage\":\"es\",\"potentialAction\":[{\"@type\":\"ReadAction\",\"target\":[\"https:\\\/\\\/positivoaccesorios.com.uy\\\/pb\\\/catalogo\\\/\"]}]},{\"@type\":\"ImageObject\",\"inLanguage\":\"es\",\"@id\":\"https:\\\/\\\/positivoaccesorios.com.uy\\\/pb\\\/catalogo\\\/#primaryimage\",\"url\":\"https:\\\/\\\/positivoaccesorios.com.uy\\\/pb\\\/wp-content\\\/uploads\\\/elementor\\\/thumbs\\\/Portada-catalogo-parcial-rm51fk5ys46sky8aod4fgx6codkrxd2ixqwc17483y.jpg\",\"contentUrl\":\"https:\\\/\\\/positivoaccesorios.com.uy\\\/pb\\\/wp-content\\\/uploads\\\/elementor\\\/thumbs\\\/Portada-catalogo-parcial-rm51fk5ys46sky8aod4fgx6codkrxd2ixqwc17483y.jpg\"},{\"@type\":\"BreadcrumbList\",\"@id\":\"https:\\\/\\\/positivoaccesorios.com.uy\\\/pb\\\/catalogo\\\/#breadcrumb\",\"itemListElement\":[{\"@type\":\"ListItem\",\"position\":1,\"name\":\"Portada\",\"item\":\"https:\\\/\\\/positivoaccesorios.com.uy\\\/pb\\\/\"},{\"@type\":\"ListItem\",\"position\":2,\"name\":\"Catalogo\"}]},{\"@type\":\"WebSite\",\"@id\":\"https:\\\/\\\/positivoaccesorios.com.uy\\\/pb\\\/#website\",\"url\":\"https:\\\/\\\/positivoaccesorios.com.uy\\\/pb\\\/\",\"name\":\"Positivo Accesorios de Moda\",\"description\":\"Tienda de accesorios de moda\",\"publisher\":{\"@id\":\"https:\\\/\\\/positivoaccesorios.com.uy\\\/pb\\\/#organization\"},\"potentialAction\":[{\"@type\":\"SearchAction\",\"target\":{\"@type\":\"EntryPoint\",\"urlTemplate\":\"https:\\\/\\\/positivoaccesorios.com.uy\\\/pb\\\/?s={search_term_string}\"},\"query-input\":{\"@type\":\"PropertyValueSpecification\",\"valueRequired\":true,\"valueName\":\"search_term_string\"}}],\"inLanguage\":\"es\"},{\"@type\":\"Organization\",\"@id\":\"https:\\\/\\\/positivoaccesorios.com.uy\\\/pb\\\/#organization\",\"name\":\"Positivo Accesorios de Moda\",\"url\":\"https:\\\/\\\/positivoaccesorios.com.uy\\\/pb\\\/\",\"logo\":{\"@type\":\"ImageObject\",\"inLanguage\":\"es\",\"@id\":\"https:\\\/\\\/positivoaccesorios.com.uy\\\/pb\\\/#\\\/schema\\\/logo\\\/image\\\/\",\"url\":\"https:\\\/\\\/positivoaccesorios.com.uy\\\/pb\\\/wp-content\\\/uploads\\\/2025\\\/08\\\/Logo-Positivo-175x200-1.webp\",\"contentUrl\":\"https:\\\/\\\/positivoaccesorios.com.uy\\\/pb\\\/wp-content\\\/uploads\\\/2025\\\/08\\\/Logo-Positivo-175x200-1.webp\",\"width\":175,\"height\":85,\"caption\":\"Positivo Accesorios de Moda\"},\"image\":{\"@id\":\"https:\\\/\\\/positivoaccesorios.com.uy\\\/pb\\\/#\\\/schema\\\/logo\\\/image\\\/\"},\"sameAs\":[\"https:\\\/\\\/web.facebook.com\\\/people\\\/Positivo-Accesorios\\\/61576469422995\\\/?_rdc=1&_rdr#\",\"https:\\\/\\\/www.instagram.com\\\/positivobijou\"]}]}<\/script>\n<!-- \/ Yoast SEO plugin. -->","yoast_head_json":{"title":"Catalogo - Positivo Accesorios de Moda","robots":{"index":"index","follow":"follow","max-snippet":"max-snippet:-1","max-image-preview":"max-image-preview:large","max-video-preview":"max-video-preview:-1"},"canonical":"https:\/\/positivoaccesorios.com.uy\/pb\/catalogo\/","og_locale":"es_ES","og_type":"article","og_title":"Catalogo - Positivo Accesorios de Moda","og_description":"Usted puede generar y descargar el Cat\u00e1logo Parcial de nuestros productos. CAT\u00c1LOGO PARCIAL (Seleccione una&hellip;","og_url":"https:\/\/positivoaccesorios.com.uy\/pb\/catalogo\/","og_site_name":"Positivo Accesorios de Moda","article_publisher":"https:\/\/web.facebook.com\/people\/Positivo-Accesorios\/61576469422995\/?_rdc=1&_rdr#","article_modified_time":"2026-04-17T14:19:45+00:00","og_image":[{"url":"https:\/\/positivoaccesorios.com.uy\/pb\/wp-content\/uploads\/elementor\/thumbs\/Portada-catalogo-parcial-rm51fk5ys46sky8aod4fgx6codkrxd2ixqwc17483y.jpg","type":"","width":"","height":""}],"twitter_card":"summary_large_image","twitter_misc":{"Tiempo de lectura":"1 minuto"},"schema":{"@context":"https:\/\/schema.org","@graph":[{"@type":"WebPage","@id":"https:\/\/positivoaccesorios.com.uy\/pb\/catalogo\/","url":"https:\/\/positivoaccesorios.com.uy\/pb\/catalogo\/","name":"Catalogo - Positivo Accesorios de Moda","isPartOf":{"@id":"https:\/\/positivoaccesorios.com.uy\/pb\/#website"},"primaryImageOfPage":{"@id":"https:\/\/positivoaccesorios.com.uy\/pb\/catalogo\/#primaryimage"},"image":{"@id":"https:\/\/positivoaccesorios.com.uy\/pb\/catalogo\/#primaryimage"},"thumbnailUrl":"https:\/\/positivoaccesorios.com.uy\/pb\/wp-content\/uploads\/elementor\/thumbs\/Portada-catalogo-parcial-rm51fk5ys46sky8aod4fgx6codkrxd2ixqwc17483y.jpg","datePublished":"2026-04-17T02:18:55+00:00","dateModified":"2026-04-17T14:19:45+00:00","breadcrumb":{"@id":"https:\/\/positivoaccesorios.com.uy\/pb\/catalogo\/#breadcrumb"},"inLanguage":"es","potentialAction":[{"@type":"ReadAction","target":["https:\/\/positivoaccesorios.com.uy\/pb\/catalogo\/"]}]},{"@type":"ImageObject","inLanguage":"es","@id":"https:\/\/positivoaccesorios.com.uy\/pb\/catalogo\/#primaryimage","url":"https:\/\/positivoaccesorios.com.uy\/pb\/wp-content\/uploads\/elementor\/thumbs\/Portada-catalogo-parcial-rm51fk5ys46sky8aod4fgx6codkrxd2ixqwc17483y.jpg","contentUrl":"https:\/\/positivoaccesorios.com.uy\/pb\/wp-content\/uploads\/elementor\/thumbs\/Portada-catalogo-parcial-rm51fk5ys46sky8aod4fgx6codkrxd2ixqwc17483y.jpg"},{"@type":"BreadcrumbList","@id":"https:\/\/positivoaccesorios.com.uy\/pb\/catalogo\/#breadcrumb","itemListElement":[{"@type":"ListItem","position":1,"name":"Portada","item":"https:\/\/positivoaccesorios.com.uy\/pb\/"},{"@type":"ListItem","position":2,"name":"Catalogo"}]},{"@type":"WebSite","@id":"https:\/\/positivoaccesorios.com.uy\/pb\/#website","url":"https:\/\/positivoaccesorios.com.uy\/pb\/","name":"Positivo Accesorios de Moda","description":"Tienda de accesorios de moda","publisher":{"@id":"https:\/\/positivoaccesorios.com.uy\/pb\/#organization"},"potentialAction":[{"@type":"SearchAction","target":{"@type":"EntryPoint","urlTemplate":"https:\/\/positivoaccesorios.com.uy\/pb\/?s={search_term_string}"},"query-input":{"@type":"PropertyValueSpecification","valueRequired":true,"valueName":"search_term_string"}}],"inLanguage":"es"},{"@type":"Organization","@id":"https:\/\/positivoaccesorios.com.uy\/pb\/#organization","name":"Positivo Accesorios de Moda","url":"https:\/\/positivoaccesorios.com.uy\/pb\/","logo":{"@type":"ImageObject","inLanguage":"es","@id":"https:\/\/positivoaccesorios.com.uy\/pb\/#\/schema\/logo\/image\/","url":"https:\/\/positivoaccesorios.com.uy\/pb\/wp-content\/uploads\/2025\/08\/Logo-Positivo-175x200-1.webp","contentUrl":"https:\/\/positivoaccesorios.com.uy\/pb\/wp-content\/uploads\/2025\/08\/Logo-Positivo-175x200-1.webp","width":175,"height":85,"caption":"Positivo Accesorios de Moda"},"image":{"@id":"https:\/\/positivoaccesorios.com.uy\/pb\/#\/schema\/logo\/image\/"},"sameAs":["https:\/\/web.facebook.com\/people\/Positivo-Accesorios\/61576469422995\/?_rdc=1&_rdr#","https:\/\/www.instagram.com\/positivobijou"]}]}},"_links":{"self":[{"href":"https:\/\/positivoaccesorios.com.uy\/pb\/wp-json\/wp\/v2\/pages\/10795","targetHints":{"allow":["GET"]}}],"collection":[{"href":"https:\/\/positivoaccesorios.com.uy\/pb\/wp-json\/wp\/v2\/pages"}],"about":[{"href":"https:\/\/positivoaccesorios.com.uy\/pb\/wp-json\/wp\/v2\/types\/page"}],"author":[{"embeddable":true,"href":"https:\/\/positivoaccesorios.com.uy\/pb\/wp-json\/wp\/v2\/users\/1"}],"replies":[{"embeddable":true,"href":"https:\/\/positivoaccesorios.com.uy\/pb\/wp-json\/wp\/v2\/comments?post=10795"}],"version-history":[{"count":179,"href":"https:\/\/positivoaccesorios.com.uy\/pb\/wp-json\/wp\/v2\/pages\/10795\/revisions"}],"predecessor-version":[{"id":10989,"href":"https:\/\/positivoaccesorios.com.uy\/pb\/wp-json\/wp\/v2\/pages\/10795\/revisions\/10989"}],"wp:attachment":[{"href":"https:\/\/positivoaccesorios.com.uy\/pb\/wp-json\/wp\/v2\/media?parent=10795"}],"curies":[{"name":"wp","href":"https:\/\/api.w.org\/{rel}","templated":true}]}}